{"id":988,"date":"2021-01-21T19:06:59","date_gmt":"2021-01-22T00:06:59","guid":{"rendered":"https:\/\/lilysexshop.com\/tienda\/producto-3\/"},"modified":"2025-05-22T19:22:46","modified_gmt":"2025-05-23T01:22:46","slug":"producto-3","status":"publish","type":"product","link":"https:\/\/lilysexshop.com\/bienvenido\/tienda\/producto-3\/","title":{"rendered":"Tratamiento Completo BSF-M"},"content":{"rendered":"<p>tratamiento completo de 4 frascos para 4 meses!<\/p>\n<p><strong><b>Estiramiento de pene natural<\/b><\/strong><\/p>\n<p><strong><b>Est\u00e1s en el lugar correcto<\/b><\/strong>, si tienes un pene de tama\u00f1o normal o grande y quieres aumentarlo, BSF-M es tu soluci\u00f3n. Si tu pene es peque\u00f1o, ya no es problema en estos tiempos, <strong><b>\u00a1BSF-M es tu soluci\u00f3n para agrandar el pene!<\/b><\/strong><\/p>\n<p><strong><b>Antes<\/b><\/strong> llamado \u00ab<strong><b>Big Size For Men<\/b><\/strong>\u00ab, <strong><b>ahora<\/b><\/strong> es llamado <strong><b>BSF-M, <\/b><\/strong>por sus siglas en ingles.<\/p>\n<p><strong><b>\u00bfQu\u00e9 es BigSize para Hombre (BSFM)?<\/b><\/strong><\/p>\n<p>Es un tratamiento natural de 4 meses enfocado a:<\/p>\n<ul>\n<li>Agrandar y engrosar el pene hasta un 30% (de 3 a 6 cm) <strong><u><b>PERMANENTEMENTE<\/b><\/u><\/strong><\/li>\n<li>Aumentar la cantidad de eyaculaci\u00f3n (espermas)<\/li>\n<li>Aumentar la intensidad de la erecci\u00f3n<\/li>\n<li>Aumentar el deseo sexual y l\u00edbido.<\/li>\n<\/ul>\n<p><strong><b>\u00bfC\u00f3mo se toma BSF-M?<\/b><\/strong><\/p>\n<p>El tratamiento completo de BigSize For Men es de 4 meses seguidos. Cada frasco contiene 60 tabletas y se toman 2 tabletas diarias junto con comidas. Puede ser en cualquier horario, lo importante es tomarlas diariamente.<\/p>\n<p><strong><b>BSFM es natural y seguro para tu salud<\/b><\/strong><\/p>\n<p>Cada tableta de Big Size para Hombre contiene una combinaci\u00f3n especial de <strong><b>ingredientes y nutrientes herbolarios (naturales)<\/b><\/strong> que ayudan a aumentar la circulaci\u00f3n de la sangre a la zona de forma permanente para que pueda aumentar su tama\u00f1o.<\/p>\n<p><strong><b>No contiene estimulantes ni az\u00facar.<\/b><\/strong><\/p>\n<p><strong><b>Recomendaciones de BigSize<\/b><\/strong><\/p>\n<p>Con BSFM se incluye una rutina de ejercicios de elasticidad y Jelquin, los cuales son opcionales. Sin embargo, el combinar la rutina con las tabletas puede generar IMPRESIONANTES RESULTADOS, ya que los ejercicios da\u00f1an ligeramente los tejidos, que al ser reparadas crecen m\u00e1s.<\/p>\n<p>El resultado es, al poco tiempo de usar las tabletas y los ejercicios, un pene m\u00e1s largo, sano y que pueda contener m\u00e1s sangre dentro de el para una erecci\u00f3n de mayor tama\u00f1o e intensidad.<\/p>\n","protected":false},"excerpt":{"rendered":"<p>tratamiento completo de 4 frascos para 4 meses! Estiramiento de pene natural Est\u00e1s en el lugar correcto, si tienes un pene de tama\u00f1o normal o grande y quieres aumentarlo, BSF-M es tu soluci\u00f3n. Si tu pene es peque\u00f1o, ya no es problema en estos tiempos, \u00a1BSF-M es tu soluci\u00f3n para agrandar el pene! Antes llamado [&hellip;]<\/p>\n","protected":false},"featured_media":985,"comment_status":"closed","ping_status":"closed","template":"","meta":[],"product_brand":[],"product_cat":[22,20],"product_tag":[],"class_list":{"0":"post-988","1":"product","2":"type-product","3":"status-publish","4":"has-post-thumbnail","6":"product_cat-afrodisiacos","7":"product_cat-tratamientos-para-aumentar-el-tamano-de-el-pene","9":"first","10":"instock","11":"purchasable","12":"product-type-simple"},"jetpack_sharing_enabled":true,"_links":{"self":[{"href":"https:\/\/lilysexshop.com\/bienvenido\/wp-json\/wp\/v2\/product\/988","targetHints":{"allow":["GET"]}}],"collection":[{"href":"https:\/\/lilysexshop.com\/bienvenido\/wp-json\/wp\/v2\/product"}],"about":[{"href":"https:\/\/lilysexshop.com\/bienvenido\/wp-json\/wp\/v2\/types\/product"}],"replies":[{"embeddable":true,"href":"https:\/\/lilysexshop.com\/bienvenido\/wp-json\/wp\/v2\/comments?post=988"}],"wp:featuredmedia":[{"embeddable":true,"href":"https:\/\/lilysexshop.com\/bienvenido\/wp-json\/wp\/v2\/media\/985"}],"wp:attachment":[{"href":"https:\/\/lilysexshop.com\/bienvenido\/wp-json\/wp\/v2\/media?parent=988"}],"wp:term":[{"taxonomy":"product_brand","embeddable":true,"href":"https:\/\/lilysexshop.com\/bienvenido\/wp-json\/wp\/v2\/product_brand?post=988"},{"taxonomy":"product_cat","embeddable":true,"href":"https:\/\/lilysexshop.com\/bienvenido\/wp-json\/wp\/v2\/product_cat?post=988"},{"taxonomy":"product_tag","embeddable":true,"href":"https:\/\/lilysexshop.com\/bienvenido\/wp-json\/wp\/v2\/product_tag?post=988"}],"curies":[{"name":"wp","href":"https:\/\/api.w.org\/{rel}","templated":true}]}}