{"id":915,"date":"2021-01-07T18:13:29","date_gmt":"2021-01-08T00:13:29","guid":{"rendered":"https:\/\/lilysexshop.com\/tienda\/lub-temps-mango\/"},"modified":"2026-04-15T17:27:21","modified_gmt":"2026-04-15T23:27:21","slug":"lub-temps-mango","status":"publish","type":"product","link":"https:\/\/lilysexshop.com\/bienvenido\/tienda\/lub-temps-mango\/","title":{"rendered":"LUBRICANTE  MULTIORG\u00c1SMICO DE \ud83c\udf3f CANNABIS"},"content":{"rendered":"<p>este lubricante artesanal multiorg\u00e1smico est\u00e1 hecho a base de aceite de coco org\u00e1nico y Mar\u00eda.<\/p>\n<p>su principal funci\u00f3n es sensibilizar las zonas \u00edntimas femeninas para lograr dar mayor placer y multiorgasmos.<\/p>\n<p>este producto es 100% natural y artesanal!<\/p>\n<p>A diferencia de los dem\u00e1s lubricantes este si se tiene que aplicar con anticipaci\u00f3n para darle tiempo a que penetre sus ingredientes puede simplemente ponerlo antes o bien dar masajes circulares para estimular!<\/p>\n<p>frasco con 30 ml<\/p>\n<p>en caso de vivir en zonas fr\u00edas en lubricante tiende a solidificarse por sus propiedades del aceite de coco en este caso s\u00f3lo es necesario tenerlo un momento en la palma de la mano para que se caliente y s\u00f3lo se derretir\u00e1<\/p>\n","protected":false},"excerpt":{"rendered":"<p>este lubricante artesanal multiorg\u00e1smico est\u00e1 hecho a base de aceite de coco org\u00e1nico y Mar\u00eda. su principal funci\u00f3n es sensibilizar las zonas \u00edntimas femeninas para lograr dar mayor placer y multiorgasmos. este producto es 100% natural y artesanal! A diferencia de los dem\u00e1s lubricantes este si se tiene que aplicar con anticipaci\u00f3n para darle tiempo [&hellip;]<\/p>\n","protected":false},"featured_media":3363,"comment_status":"closed","ping_status":"closed","template":"","meta":[],"product_brand":[],"product_cat":[31,16],"product_tag":[],"class_list":{"0":"post-915","1":"product","2":"type-product","3":"status-publish","4":"has-post-thumbnail","6":"product_cat-basicos","7":"product_cat-cremas-lubricantes-y-geles","9":"first","10":"instock","11":"purchasable","12":"product-type-simple"},"jetpack_sharing_enabled":true,"_links":{"self":[{"href":"https:\/\/lilysexshop.com\/bienvenido\/wp-json\/wp\/v2\/product\/915","targetHints":{"allow":["GET"]}}],"collection":[{"href":"https:\/\/lilysexshop.com\/bienvenido\/wp-json\/wp\/v2\/product"}],"about":[{"href":"https:\/\/lilysexshop.com\/bienvenido\/wp-json\/wp\/v2\/types\/product"}],"replies":[{"embeddable":true,"href":"https:\/\/lilysexshop.com\/bienvenido\/wp-json\/wp\/v2\/comments?post=915"}],"wp:featuredmedia":[{"embeddable":true,"href":"https:\/\/lilysexshop.com\/bienvenido\/wp-json\/wp\/v2\/media\/3363"}],"wp:attachment":[{"href":"https:\/\/lilysexshop.com\/bienvenido\/wp-json\/wp\/v2\/media?parent=915"}],"wp:term":[{"taxonomy":"product_brand","embeddable":true,"href":"https:\/\/lilysexshop.com\/bienvenido\/wp-json\/wp\/v2\/product_brand?post=915"},{"taxonomy":"product_cat","embeddable":true,"href":"https:\/\/lilysexshop.com\/bienvenido\/wp-json\/wp\/v2\/product_cat?post=915"},{"taxonomy":"product_tag","embeddable":true,"href":"https:\/\/lilysexshop.com\/bienvenido\/wp-json\/wp\/v2\/product_tag?post=915"}],"curies":[{"name":"wp","href":"https:\/\/api.w.org\/{rel}","templated":true}]}}