{"id":5469,"date":"2026-05-06T15:11:29","date_gmt":"2026-05-06T21:11:29","guid":{"rendered":"https:\/\/lilysexshop.com\/bienvenido\/tienda\/funda-para-pene-color-carne\/"},"modified":"2026-05-06T15:11:29","modified_gmt":"2026-05-06T21:11:29","slug":"funda-para-pene-color-carne","status":"publish","type":"product","link":"https:\/\/lilysexshop.com\/bienvenido\/tienda\/funda-para-pene-color-carne\/","title":{"rendered":"FUNDA PARA PENE COLOR CARNE.."},"content":{"rendered":"<p>\u00bfQuieres darle un cambio incre\u00edble a tus relaciones \u00edntimas, aumentar el placer y disfrutar de nuevas sensaciones? \u00a1Esta funda es justo lo que estabas buscando! \ud83d\ude0d<\/p>\n<p>\u2705 \u00bfQu\u00e9 te ofrece?<\/p>\n<p>&#8211; Aumenta grosor y longitud: Dise\u00f1ada para darte ese tama\u00f1o que deseas, brindando mayor estimulaci\u00f3n y satisfacci\u00f3n para ti y tu pareja.<\/p>\n<p>&#8211; Material de primera calidad: Hecha de silicona suave, flexible, segura para tu piel, hipoalerg\u00e9nica y muy c\u00f3moda de usar, se adapta perfectamente a la anatom\u00eda.<\/p>\n<p>&#8211; Texturas especiales: Cuenta con relieves, puntos o dise\u00f1os pensados para estimular al m\u00e1ximo, intensificando cada momento y haciendo que todo se sienta mucho m\u00e1s placentero.<\/p>\n<p>&#8211; Ayuda a prolongar el encuentro: Gracias a su dise\u00f1o, ayuda a tener m\u00e1s control y disfrutar por m\u00e1s tiempo sin prisas.<\/p>\n<p>&#8211; F\u00e1cil de usar y limpiar: Muy pr\u00e1ctica, lista para usar cuando quieras y sencilla de mantener en perfectas condiciones.<\/p>\n<p>Es el aliado ideal para avivar la pasi\u00f3n, probar cosas nuevas y llevar la intimidad a otro nivel. \u00a1No te quedes sin la tuya! \ud83e\udd24\ud83d\udc96<\/p>\n","protected":false},"excerpt":{"rendered":"<p>\u00bfQuieres darle un cambio incre\u00edble a tus relaciones \u00edntimas, aumentar el placer y disfrutar de nuevas sensaciones? \u00a1Esta funda es justo lo que estabas buscando! \ud83d\ude0d \u2705 \u00bfQu\u00e9 te ofrece? &#8211; Aumenta grosor y longitud: Dise\u00f1ada para darte ese tama\u00f1o que deseas, brindando mayor estimulaci\u00f3n y satisfacci\u00f3n para ti y tu pareja. &#8211; Material de [&hellip;]<\/p>\n","protected":false},"featured_media":5466,"comment_status":"open","ping_status":"closed","template":"","meta":[],"product_brand":[],"product_cat":[26,18],"product_tag":[],"class_list":{"0":"post-5469","1":"product","2":"type-product","3":"status-publish","4":"has-post-thumbnail","6":"product_cat-juguetes-para-hombres","7":"product_cat-juguetes-sexuales","9":"first","10":"instock","11":"shipping-taxable","12":"purchasable","13":"product-type-simple"},"jetpack_sharing_enabled":true,"_links":{"self":[{"href":"https:\/\/lilysexshop.com\/bienvenido\/wp-json\/wp\/v2\/product\/5469","targetHints":{"allow":["GET"]}}],"collection":[{"href":"https:\/\/lilysexshop.com\/bienvenido\/wp-json\/wp\/v2\/product"}],"about":[{"href":"https:\/\/lilysexshop.com\/bienvenido\/wp-json\/wp\/v2\/types\/product"}],"replies":[{"embeddable":true,"href":"https:\/\/lilysexshop.com\/bienvenido\/wp-json\/wp\/v2\/comments?post=5469"}],"wp:featuredmedia":[{"embeddable":true,"href":"https:\/\/lilysexshop.com\/bienvenido\/wp-json\/wp\/v2\/media\/5466"}],"wp:attachment":[{"href":"https:\/\/lilysexshop.com\/bienvenido\/wp-json\/wp\/v2\/media?parent=5469"}],"wp:term":[{"taxonomy":"product_brand","embeddable":true,"href":"https:\/\/lilysexshop.com\/bienvenido\/wp-json\/wp\/v2\/product_brand?post=5469"},{"taxonomy":"product_cat","embeddable":true,"href":"https:\/\/lilysexshop.com\/bienvenido\/wp-json\/wp\/v2\/product_cat?post=5469"},{"taxonomy":"product_tag","embeddable":true,"href":"https:\/\/lilysexshop.com\/bienvenido\/wp-json\/wp\/v2\/product_tag?post=5469"}],"curies":[{"name":"wp","href":"https:\/\/api.w.org\/{rel}","templated":true}]}}