{"id":5465,"date":"2026-05-06T10:58:42","date_gmt":"2026-05-06T16:58:42","guid":{"rendered":"https:\/\/lilysexshop.com\/bienvenido\/tienda\/anillo-vibrador-bang\/"},"modified":"2026-05-06T10:58:42","modified_gmt":"2026-05-06T16:58:42","slug":"anillo-vibrador-bang","status":"publish","type":"product","link":"https:\/\/lilysexshop.com\/bienvenido\/tienda\/anillo-vibrador-bang\/","title":{"rendered":"ANILLO VIBRADOR BANG!!"},"content":{"rendered":"<p><strong>MEJORA TU ELECCI\u00d3N CON ESTE ANILLO DE SILICONA ATERCIOPELADA Y UNA COMBINACI\u00d3N DE BALA VIBRADORA!!!<\/strong><\/p>\n<p><strong>PUEDES ELEGIR ENTRE CUATRO VELOCIDADES Y SIETE PATRONES DE VIBRACI\u00d3N PARA HACER VIBRAR TU PENE Y TUS BOLAS&#8230;.<\/strong><\/p>\n<p><strong>DISFRUTA DE DISTINTOS JUEGOS SEXUALES QUITANDO LA BALA VIBRADORA O PONI\u00c9NDOLA EN LOS LUGARES QUE M\u00c1S TE GUSTE ADEM\u00c1S PUEDES CONTROLAR LA DISTANCIA CON EL CONTROL REMOTO. <\/strong><\/p>\n<p><strong>NO TENDR\u00c1S QUE PREOCUPARTE POR PILA YA QUE EL PRODUCTO INCLUYE UN CABLE USB PARA QUE PUEDAS RECARGAR LAS VECES QUE SEAN NECESARIAS. <\/strong><\/p>\n<p><strong>LAS MEDIDAS DEL TAMA\u00d1O SON 3 PULGADAS POR 3 PULGADAS DI\u00c1METRO INTERIOR DEL ANILLO PEQUE\u00d1O DE 1.5 25 PULGADAS DI\u00c1METRO INTERIOR DEL ANILLO GRANDE 2 PULGADAS DIMENSIONES DE LA BALA 0.8 PULGADAS POR 3 PULGADAS. <\/strong><\/p>\n<p><strong>DISPONIBLE EN DIFERENTES COLORES SI BUSCAS ALG\u00daN COLOR EN ESPECIAL NO DUDES EN MANDAR WHATSAPP PARA QUE SE EMPAQUETE CORRECTAMENTE TU PEDIDO!!<\/strong><\/p>\n<p><strong>ESTE ANILLO EST\u00c1 HECHO MATERIALES SEGUROS PARA EL CUERPO E IMPERMEABLES PARA QUE PUEDAS JUGAR SIN PREOCUPACIONES.<\/strong><\/p>\n","protected":false},"excerpt":{"rendered":"<p>MEJORA TU ELECCI\u00d3N CON ESTE ANILLO DE SILICONA ATERCIOPELADA Y UNA COMBINACI\u00d3N DE BALA VIBRADORA!!! PUEDES ELEGIR ENTRE CUATRO VELOCIDADES Y SIETE PATRONES DE VIBRACI\u00d3N PARA HACER VIBRAR TU PENE Y TUS BOLAS&#8230;. DISFRUTA DE DISTINTOS JUEGOS SEXUALES QUITANDO LA BALA VIBRADORA O PONI\u00c9NDOLA EN LOS LUGARES QUE M\u00c1S TE GUSTE ADEM\u00c1S PUEDES CONTROLAR LA [&hellip;]<\/p>\n","protected":false},"featured_media":5462,"comment_status":"open","ping_status":"closed","template":"","meta":[],"product_brand":[],"product_cat":[18],"product_tag":[],"class_list":{"0":"post-5465","1":"product","2":"type-product","3":"status-publish","4":"has-post-thumbnail","6":"product_cat-juguetes-sexuales","8":"first","9":"instock","10":"shipping-taxable","11":"purchasable","12":"product-type-simple"},"jetpack_sharing_enabled":true,"_links":{"self":[{"href":"https:\/\/lilysexshop.com\/bienvenido\/wp-json\/wp\/v2\/product\/5465","targetHints":{"allow":["GET"]}}],"collection":[{"href":"https:\/\/lilysexshop.com\/bienvenido\/wp-json\/wp\/v2\/product"}],"about":[{"href":"https:\/\/lilysexshop.com\/bienvenido\/wp-json\/wp\/v2\/types\/product"}],"replies":[{"embeddable":true,"href":"https:\/\/lilysexshop.com\/bienvenido\/wp-json\/wp\/v2\/comments?post=5465"}],"wp:featuredmedia":[{"embeddable":true,"href":"https:\/\/lilysexshop.com\/bienvenido\/wp-json\/wp\/v2\/media\/5462"}],"wp:attachment":[{"href":"https:\/\/lilysexshop.com\/bienvenido\/wp-json\/wp\/v2\/media?parent=5465"}],"wp:term":[{"taxonomy":"product_brand","embeddable":true,"href":"https:\/\/lilysexshop.com\/bienvenido\/wp-json\/wp\/v2\/product_brand?post=5465"},{"taxonomy":"product_cat","embeddable":true,"href":"https:\/\/lilysexshop.com\/bienvenido\/wp-json\/wp\/v2\/product_cat?post=5465"},{"taxonomy":"product_tag","embeddable":true,"href":"https:\/\/lilysexshop.com\/bienvenido\/wp-json\/wp\/v2\/product_tag?post=5465"}],"curies":[{"name":"wp","href":"https:\/\/api.w.org\/{rel}","templated":true}]}}