{"id":5457,"date":"2026-04-28T16:55:32","date_gmt":"2026-04-28T22:55:32","guid":{"rendered":"https:\/\/lilysexshop.com\/bienvenido\/tienda\/desensibilizador-de-garganta-%f0%9f%8d%93\/"},"modified":"2026-04-28T16:57:24","modified_gmt":"2026-04-28T22:57:24","slug":"desensibilizador-de-garganta-%f0%9f%8d%93","status":"publish","type":"product","link":"https:\/\/lilysexshop.com\/bienvenido\/tienda\/desensibilizador-de-garganta-%f0%9f%8d%93\/","title":{"rendered":"DESENSIBILIZADOR DE GARGANTA \ud83c\udf53"},"content":{"rendered":"<p><strong>Agite antes de usar, roc\u00ede en la garganta o en el \u00e1rea afectada con solo una pulverizaci\u00f3n por uso punto y aparte use hasta cuatro veces al d\u00eda seg\u00fan las necesidades<\/strong>.<\/p>\n<p><strong>Ingredientes:<\/strong><\/p>\n<p><strong>benzoca\u00edna 5%, anest\u00e9sico oral glicerina 33%, demulcente oral, alcohol desnaturalizado, agua, miel de abeja, aceite de ricino hidrogenado, saborizante.<\/strong><\/p>\n","protected":false},"excerpt":{"rendered":"<p>Agite antes de usar, roc\u00ede en la garganta o en el \u00e1rea afectada con solo una pulverizaci\u00f3n por uso punto y aparte use hasta cuatro veces al d\u00eda seg\u00fan las necesidades. Ingredientes: benzoca\u00edna 5%, anest\u00e9sico oral glicerina 33%, demulcente oral, alcohol desnaturalizado, agua, miel de abeja, aceite de ricino hidrogenado, saborizante.<\/p>\n","protected":false},"featured_media":5456,"comment_status":"open","ping_status":"closed","template":"","meta":[],"product_brand":[],"product_cat":[22,31,16],"product_tag":[],"class_list":{"0":"post-5457","1":"product","2":"type-product","3":"status-publish","4":"has-post-thumbnail","6":"product_cat-afrodisiacos","7":"product_cat-basicos","8":"product_cat-cremas-lubricantes-y-geles","10":"first","11":"instock","12":"shipping-taxable","13":"purchasable","14":"product-type-simple"},"jetpack_sharing_enabled":true,"_links":{"self":[{"href":"https:\/\/lilysexshop.com\/bienvenido\/wp-json\/wp\/v2\/product\/5457","targetHints":{"allow":["GET"]}}],"collection":[{"href":"https:\/\/lilysexshop.com\/bienvenido\/wp-json\/wp\/v2\/product"}],"about":[{"href":"https:\/\/lilysexshop.com\/bienvenido\/wp-json\/wp\/v2\/types\/product"}],"replies":[{"embeddable":true,"href":"https:\/\/lilysexshop.com\/bienvenido\/wp-json\/wp\/v2\/comments?post=5457"}],"wp:featuredmedia":[{"embeddable":true,"href":"https:\/\/lilysexshop.com\/bienvenido\/wp-json\/wp\/v2\/media\/5456"}],"wp:attachment":[{"href":"https:\/\/lilysexshop.com\/bienvenido\/wp-json\/wp\/v2\/media?parent=5457"}],"wp:term":[{"taxonomy":"product_brand","embeddable":true,"href":"https:\/\/lilysexshop.com\/bienvenido\/wp-json\/wp\/v2\/product_brand?post=5457"},{"taxonomy":"product_cat","embeddable":true,"href":"https:\/\/lilysexshop.com\/bienvenido\/wp-json\/wp\/v2\/product_cat?post=5457"},{"taxonomy":"product_tag","embeddable":true,"href":"https:\/\/lilysexshop.com\/bienvenido\/wp-json\/wp\/v2\/product_tag?post=5457"}],"curies":[{"name":"wp","href":"https:\/\/api.w.org\/{rel}","templated":true}]}}