{"id":5436,"date":"2026-04-20T17:16:48","date_gmt":"2026-04-20T23:16:48","guid":{"rendered":"https:\/\/lilysexshop.com\/bienvenido\/tienda\/lubricante-artesanal-de-cannabis-chico-%f0%9f%8c%bf\/"},"modified":"2026-04-20T17:16:48","modified_gmt":"2026-04-20T23:16:48","slug":"lubricante-artesanal-de-cannabis-chico-%f0%9f%8c%bf","status":"publish","type":"product","link":"https:\/\/lilysexshop.com\/bienvenido\/tienda\/lubricante-artesanal-de-cannabis-chico-%f0%9f%8c%bf\/","title":{"rendered":"Lubricante Artesanal de Cannabis chico \ud83c\udf3f"},"content":{"rendered":"<p>\ud83e\udd0f VERSI\u00d3N MINI PERO CON MUCHO PODER \ud83d\udc9a<\/p>\n<p>Lubricante Multiorg\u00e1smico de Cannabis y Coco, ahora en presentaci\u00f3n de 15 ML.<\/p>\n<p>\ud83d\udcb8 M\u00e1s barato, igual de efectivo y s\u00faper pr\u00e1ctico.<\/p>\n<p>\u00a1La mejor opci\u00f3n para empezar a disfrutar al m\u00e1ximo! \ud83d\ude0d<\/p>\n","protected":false},"excerpt":{"rendered":"<p>\ud83e\udd0f VERSI\u00d3N MINI PERO CON MUCHO PODER \ud83d\udc9a Lubricante Multiorg\u00e1smico de Cannabis y Coco, ahora en presentaci\u00f3n de 15 ML. \ud83d\udcb8 M\u00e1s barato, igual de efectivo y s\u00faper pr\u00e1ctico. \u00a1La mejor opci\u00f3n para empezar a disfrutar al m\u00e1ximo! \ud83d\ude0d<\/p>\n","protected":false},"featured_media":5433,"comment_status":"open","ping_status":"closed","template":"","meta":[],"product_brand":[],"product_cat":[16],"product_tag":[],"class_list":{"0":"post-5436","1":"product","2":"type-product","3":"status-publish","4":"has-post-thumbnail","6":"product_cat-cremas-lubricantes-y-geles","8":"first","9":"instock","10":"shipping-taxable","11":"purchasable","12":"product-type-simple"},"jetpack_sharing_enabled":true,"_links":{"self":[{"href":"https:\/\/lilysexshop.com\/bienvenido\/wp-json\/wp\/v2\/product\/5436","targetHints":{"allow":["GET"]}}],"collection":[{"href":"https:\/\/lilysexshop.com\/bienvenido\/wp-json\/wp\/v2\/product"}],"about":[{"href":"https:\/\/lilysexshop.com\/bienvenido\/wp-json\/wp\/v2\/types\/product"}],"replies":[{"embeddable":true,"href":"https:\/\/lilysexshop.com\/bienvenido\/wp-json\/wp\/v2\/comments?post=5436"}],"wp:featuredmedia":[{"embeddable":true,"href":"https:\/\/lilysexshop.com\/bienvenido\/wp-json\/wp\/v2\/media\/5433"}],"wp:attachment":[{"href":"https:\/\/lilysexshop.com\/bienvenido\/wp-json\/wp\/v2\/media?parent=5436"}],"wp:term":[{"taxonomy":"product_brand","embeddable":true,"href":"https:\/\/lilysexshop.com\/bienvenido\/wp-json\/wp\/v2\/product_brand?post=5436"},{"taxonomy":"product_cat","embeddable":true,"href":"https:\/\/lilysexshop.com\/bienvenido\/wp-json\/wp\/v2\/product_cat?post=5436"},{"taxonomy":"product_tag","embeddable":true,"href":"https:\/\/lilysexshop.com\/bienvenido\/wp-json\/wp\/v2\/product_tag?post=5436"}],"curies":[{"name":"wp","href":"https:\/\/api.w.org\/{rel}","templated":true}]}}