{"id":5428,"date":"2026-04-15T19:19:58","date_gmt":"2026-04-16T01:19:58","guid":{"rendered":"https:\/\/lilysexshop.com\/bienvenido\/tienda\/coordinado-rojo-%e2%9d%a4%ef%b8%8f\/"},"modified":"2026-04-15T19:19:58","modified_gmt":"2026-04-16T01:19:58","slug":"coordinado-rojo-%e2%9d%a4%ef%b8%8f","status":"publish","type":"product","link":"https:\/\/lilysexshop.com\/bienvenido\/tienda\/coordinado-rojo-%e2%9d%a4%ef%b8%8f\/","title":{"rendered":"COORDINADO ROJO \u2764\ufe0f"},"content":{"rendered":"<p><strong>TALLA MEDIANA <\/strong><\/p>\n<p><strong>BUSTO 70<\/strong><\/p>\n<p><strong>CINTURA 68<\/strong><\/p>\n<p><strong>DISPONIBLE EN COLOR ROJO.<\/strong><\/p>\n<p>95% <strong>poli\u00e9ster <\/strong><\/p>\n<p>5%<strong> elastano<\/strong><\/p>\n<p><strong>todas las correas de esta lencer\u00eda son ajustables. <\/strong><\/p>\n<p><strong>se adaptan perfectamente y har\u00e1n que se ajuste exactamente la figura de tu cuerpo.<\/strong><\/p>\n","protected":false},"excerpt":{"rendered":"<p>TALLA MEDIANA BUSTO 70 CINTURA 68 DISPONIBLE EN COLOR ROJO. 95% poli\u00e9ster 5% elastano todas las correas de esta lencer\u00eda son ajustables. se adaptan perfectamente y har\u00e1n que se ajuste exactamente la figura de tu cuerpo.<\/p>\n","protected":false},"featured_media":5425,"comment_status":"open","ping_status":"closed","template":"","meta":[],"product_brand":[],"product_cat":[23],"product_tag":[],"class_list":{"0":"post-5428","1":"product","2":"type-product","3":"status-publish","4":"has-post-thumbnail","6":"product_cat-lenceria","8":"first","9":"instock","10":"shipping-taxable","11":"purchasable","12":"product-type-simple"},"jetpack_sharing_enabled":true,"_links":{"self":[{"href":"https:\/\/lilysexshop.com\/bienvenido\/wp-json\/wp\/v2\/product\/5428","targetHints":{"allow":["GET"]}}],"collection":[{"href":"https:\/\/lilysexshop.com\/bienvenido\/wp-json\/wp\/v2\/product"}],"about":[{"href":"https:\/\/lilysexshop.com\/bienvenido\/wp-json\/wp\/v2\/types\/product"}],"replies":[{"embeddable":true,"href":"https:\/\/lilysexshop.com\/bienvenido\/wp-json\/wp\/v2\/comments?post=5428"}],"wp:featuredmedia":[{"embeddable":true,"href":"https:\/\/lilysexshop.com\/bienvenido\/wp-json\/wp\/v2\/media\/5425"}],"wp:attachment":[{"href":"https:\/\/lilysexshop.com\/bienvenido\/wp-json\/wp\/v2\/media?parent=5428"}],"wp:term":[{"taxonomy":"product_brand","embeddable":true,"href":"https:\/\/lilysexshop.com\/bienvenido\/wp-json\/wp\/v2\/product_brand?post=5428"},{"taxonomy":"product_cat","embeddable":true,"href":"https:\/\/lilysexshop.com\/bienvenido\/wp-json\/wp\/v2\/product_cat?post=5428"},{"taxonomy":"product_tag","embeddable":true,"href":"https:\/\/lilysexshop.com\/bienvenido\/wp-json\/wp\/v2\/product_tag?post=5428"}],"curies":[{"name":"wp","href":"https:\/\/api.w.org\/{rel}","templated":true}]}}