{"id":5424,"date":"2026-04-15T14:02:13","date_gmt":"2026-04-15T20:02:13","guid":{"rendered":"https:\/\/lilysexshop.com\/bienvenido\/tienda\/aqua-pasion-lubricante-base-agua%f0%9f%92%a7\/"},"modified":"2026-04-15T14:04:42","modified_gmt":"2026-04-15T20:04:42","slug":"aqua-pasion-lubricante-base-agua%f0%9f%92%a7","status":"publish","type":"product","link":"https:\/\/lilysexshop.com\/bienvenido\/tienda\/aqua-pasion-lubricante-base-agua%f0%9f%92%a7\/","title":{"rendered":"Aqua Pasi\u00f3n lubricante base  agua\ud83d\udca7"},"content":{"rendered":"<p>lubricante natural base agua<\/p>\n<p>contenido neto 75 ML<\/p>\n<p>un lubricante est\u00e1 dise\u00f1ado para disminuir succi\u00f3n y evitar roces.<\/p>\n<p>si lo \u00fanico que te falta es una buena lubricaci\u00f3n vaginal este es el lubricante perfecto ya que est\u00e1 hecho base agua y es hipoalerg\u00e9nico.<\/p>\n<p>compatible con juguetes y f\u00e1cil de lavar.<\/p>\n<p>textura suave y natural.<\/p>\n<p>sin color sin olor<\/p>\n","protected":false},"excerpt":{"rendered":"<p>lubricante natural base agua contenido neto 75 ML un lubricante est\u00e1 dise\u00f1ado para disminuir succi\u00f3n y evitar roces. si lo \u00fanico que te falta es una buena lubricaci\u00f3n vaginal este es el lubricante perfecto ya que est\u00e1 hecho base agua y es hipoalerg\u00e9nico. compatible con juguetes y f\u00e1cil de lavar. textura suave y natural. sin [&hellip;]<\/p>\n","protected":false},"featured_media":5423,"comment_status":"open","ping_status":"closed","template":"","meta":[],"product_brand":[],"product_cat":[16],"product_tag":[],"class_list":{"0":"post-5424","1":"product","2":"type-product","3":"status-publish","4":"has-post-thumbnail","6":"product_cat-cremas-lubricantes-y-geles","8":"first","9":"instock","10":"shipping-taxable","11":"purchasable","12":"product-type-simple"},"jetpack_sharing_enabled":true,"_links":{"self":[{"href":"https:\/\/lilysexshop.com\/bienvenido\/wp-json\/wp\/v2\/product\/5424","targetHints":{"allow":["GET"]}}],"collection":[{"href":"https:\/\/lilysexshop.com\/bienvenido\/wp-json\/wp\/v2\/product"}],"about":[{"href":"https:\/\/lilysexshop.com\/bienvenido\/wp-json\/wp\/v2\/types\/product"}],"replies":[{"embeddable":true,"href":"https:\/\/lilysexshop.com\/bienvenido\/wp-json\/wp\/v2\/comments?post=5424"}],"wp:featuredmedia":[{"embeddable":true,"href":"https:\/\/lilysexshop.com\/bienvenido\/wp-json\/wp\/v2\/media\/5423"}],"wp:attachment":[{"href":"https:\/\/lilysexshop.com\/bienvenido\/wp-json\/wp\/v2\/media?parent=5424"}],"wp:term":[{"taxonomy":"product_brand","embeddable":true,"href":"https:\/\/lilysexshop.com\/bienvenido\/wp-json\/wp\/v2\/product_brand?post=5424"},{"taxonomy":"product_cat","embeddable":true,"href":"https:\/\/lilysexshop.com\/bienvenido\/wp-json\/wp\/v2\/product_cat?post=5424"},{"taxonomy":"product_tag","embeddable":true,"href":"https:\/\/lilysexshop.com\/bienvenido\/wp-json\/wp\/v2\/product_tag?post=5424"}],"curies":[{"name":"wp","href":"https:\/\/api.w.org\/{rel}","templated":true}]}}