{"id":5416,"date":"2026-04-09T20:53:22","date_gmt":"2026-04-10T02:53:22","guid":{"rendered":"https:\/\/lilysexshop.com\/bienvenido\/tienda\/anal-easy\/"},"modified":"2026-04-09T20:53:22","modified_gmt":"2026-04-10T02:53:22","slug":"anal-easy","status":"publish","type":"product","link":"https:\/\/lilysexshop.com\/bienvenido\/tienda\/anal-easy\/","title":{"rendered":"ANAL EASY"},"content":{"rendered":"<p>Olv\u00eddate del dolor y la incomodidad con Anal Easy, el lubricante que te har\u00e1 disfrutar de cada momento. Con su f\u00f3rmula \u00fanica de lidoca\u00edna y olor a cereza, te sentir\u00e1s m\u00e1s c\u00f3modo y relajado, permiti\u00e9ndote explorar nuevas experiencias sin miedo. \u00a1No esperes m\u00e1s y pru\u00e9balo<\/p>\n","protected":false},"excerpt":{"rendered":"<p>Olv\u00eddate del dolor y la incomodidad con Anal Easy, el lubricante que te har\u00e1 disfrutar de cada momento. Con su f\u00f3rmula \u00fanica de lidoca\u00edna y olor a cereza, te sentir\u00e1s m\u00e1s c\u00f3modo y relajado, permiti\u00e9ndote explorar nuevas experiencias sin miedo. \u00a1No esperes m\u00e1s y pru\u00e9balo<\/p>\n","protected":false},"featured_media":5415,"comment_status":"open","ping_status":"closed","template":"","meta":[],"product_brand":[],"product_cat":[16],"product_tag":[],"class_list":{"0":"post-5416","1":"product","2":"type-product","3":"status-publish","4":"has-post-thumbnail","6":"product_cat-cremas-lubricantes-y-geles","8":"first","9":"instock","10":"shipping-taxable","11":"purchasable","12":"product-type-simple"},"jetpack_sharing_enabled":true,"_links":{"self":[{"href":"https:\/\/lilysexshop.com\/bienvenido\/wp-json\/wp\/v2\/product\/5416","targetHints":{"allow":["GET"]}}],"collection":[{"href":"https:\/\/lilysexshop.com\/bienvenido\/wp-json\/wp\/v2\/product"}],"about":[{"href":"https:\/\/lilysexshop.com\/bienvenido\/wp-json\/wp\/v2\/types\/product"}],"replies":[{"embeddable":true,"href":"https:\/\/lilysexshop.com\/bienvenido\/wp-json\/wp\/v2\/comments?post=5416"}],"wp:featuredmedia":[{"embeddable":true,"href":"https:\/\/lilysexshop.com\/bienvenido\/wp-json\/wp\/v2\/media\/5415"}],"wp:attachment":[{"href":"https:\/\/lilysexshop.com\/bienvenido\/wp-json\/wp\/v2\/media?parent=5416"}],"wp:term":[{"taxonomy":"product_brand","embeddable":true,"href":"https:\/\/lilysexshop.com\/bienvenido\/wp-json\/wp\/v2\/product_brand?post=5416"},{"taxonomy":"product_cat","embeddable":true,"href":"https:\/\/lilysexshop.com\/bienvenido\/wp-json\/wp\/v2\/product_cat?post=5416"},{"taxonomy":"product_tag","embeddable":true,"href":"https:\/\/lilysexshop.com\/bienvenido\/wp-json\/wp\/v2\/product_tag?post=5416"}],"curies":[{"name":"wp","href":"https:\/\/api.w.org\/{rel}","templated":true}]}}