{"id":5399,"date":"2026-03-20T08:36:09","date_gmt":"2026-03-20T14:36:09","guid":{"rendered":"https:\/\/lilysexshop.com\/bienvenido\/tienda\/simon-chocolate-%f0%9f%8d%ab-dildo\/"},"modified":"2026-03-20T08:36:09","modified_gmt":"2026-03-20T14:36:09","slug":"simon-chocolate-%f0%9f%8d%ab-dildo","status":"publish","type":"product","link":"https:\/\/lilysexshop.com\/bienvenido\/tienda\/simon-chocolate-%f0%9f%8d%ab-dildo\/","title":{"rendered":"SIM\u00d3N CHOCOLATE \ud83c\udf6b DILDO"},"content":{"rendered":"<p><strong>18 CM LARGO<\/strong><\/p>\n<p><strong>3.5 CM ANCHO<\/strong><\/p>\n<p><strong>PRODUCTO TOTALMENTE NUEVO SELLADO CON LAS DEBIDAS MEDIDAS DE SANIDAD JUGUETE DISE\u00d1ADO EN MATERIAL SUAVE AL TACTO. <\/strong><\/p>\n<p><strong>LIBRE DE FTALATOS<\/strong><\/p>\n<p><strong>UTILIZAR CON LUBRICANTE LAVAR CON AGUA Y JAB\u00d3N NEUTRO ANTES DE Y DESPU\u00c9S DE SU USO!<\/strong><\/p>\n","protected":false},"excerpt":{"rendered":"<p>18 CM LARGO 3.5 CM ANCHO PRODUCTO TOTALMENTE NUEVO SELLADO CON LAS DEBIDAS MEDIDAS DE SANIDAD JUGUETE DISE\u00d1ADO EN MATERIAL SUAVE AL TACTO. LIBRE DE FTALATOS UTILIZAR CON LUBRICANTE LAVAR CON AGUA Y JAB\u00d3N NEUTRO ANTES DE Y DESPU\u00c9S DE SU USO!<\/p>\n","protected":false},"featured_media":5397,"comment_status":"open","ping_status":"closed","template":"","meta":[],"product_brand":[],"product_cat":[21,18],"product_tag":[],"class_list":{"0":"post-5399","1":"product","2":"type-product","3":"status-publish","4":"has-post-thumbnail","6":"product_cat-dildos","7":"product_cat-juguetes-sexuales","9":"first","10":"instock","11":"shipping-taxable","12":"purchasable","13":"product-type-simple"},"jetpack_sharing_enabled":true,"_links":{"self":[{"href":"https:\/\/lilysexshop.com\/bienvenido\/wp-json\/wp\/v2\/product\/5399","targetHints":{"allow":["GET"]}}],"collection":[{"href":"https:\/\/lilysexshop.com\/bienvenido\/wp-json\/wp\/v2\/product"}],"about":[{"href":"https:\/\/lilysexshop.com\/bienvenido\/wp-json\/wp\/v2\/types\/product"}],"replies":[{"embeddable":true,"href":"https:\/\/lilysexshop.com\/bienvenido\/wp-json\/wp\/v2\/comments?post=5399"}],"wp:featuredmedia":[{"embeddable":true,"href":"https:\/\/lilysexshop.com\/bienvenido\/wp-json\/wp\/v2\/media\/5397"}],"wp:attachment":[{"href":"https:\/\/lilysexshop.com\/bienvenido\/wp-json\/wp\/v2\/media?parent=5399"}],"wp:term":[{"taxonomy":"product_brand","embeddable":true,"href":"https:\/\/lilysexshop.com\/bienvenido\/wp-json\/wp\/v2\/product_brand?post=5399"},{"taxonomy":"product_cat","embeddable":true,"href":"https:\/\/lilysexshop.com\/bienvenido\/wp-json\/wp\/v2\/product_cat?post=5399"},{"taxonomy":"product_tag","embeddable":true,"href":"https:\/\/lilysexshop.com\/bienvenido\/wp-json\/wp\/v2\/product_tag?post=5399"}],"curies":[{"name":"wp","href":"https:\/\/api.w.org\/{rel}","templated":true}]}}