{"id":5390,"date":"2026-03-09T13:08:06","date_gmt":"2026-03-09T19:08:06","guid":{"rendered":"https:\/\/lilysexshop.com\/bienvenido\/tienda\/mini-consolador-meyz\/"},"modified":"2026-04-27T22:07:59","modified_gmt":"2026-04-28T04:07:59","slug":"mini-consolador-meyz","status":"publish","type":"product","link":"https:\/\/lilysexshop.com\/bienvenido\/tienda\/mini-consolador-meyz\/","title":{"rendered":"MINI CONSOLADOR \u00abMEYZ\u00bb"},"content":{"rendered":"<p><strong>11 CM DE PENETRACI\u00d3N <\/strong><\/p>\n<p><strong>5 CM DE DI\u00c1METRO <\/strong><\/p>\n<p><strong> DILDO FLEXIBLE IDEAL DEBIDO A SU MATERIAL DE FABRICACI\u00d3N <\/strong><\/p>\n<p><strong>JUGUETE DISE\u00d1ADO EN MATERIAL SUAVE AL TACTO <\/strong><\/p>\n<p><strong> FLEXIBILIDAD IDEAL PARA MANTENER FIRMEZA Y CALIDAD EN SU USO.<\/strong><\/p>\n","protected":false},"excerpt":{"rendered":"<p>11 CM DE PENETRACI\u00d3N 5 CM DE DI\u00c1METRO DILDO FLEXIBLE IDEAL DEBIDO A SU MATERIAL DE FABRICACI\u00d3N JUGUETE DISE\u00d1ADO EN MATERIAL SUAVE AL TACTO FLEXIBILIDAD IDEAL PARA MANTENER FIRMEZA Y CALIDAD EN SU USO.<\/p>\n","protected":false},"featured_media":5388,"comment_status":"open","ping_status":"closed","template":"","meta":[],"product_brand":[],"product_cat":[21,18],"product_tag":[],"class_list":{"0":"post-5390","1":"product","2":"type-product","3":"status-publish","4":"has-post-thumbnail","6":"product_cat-dildos","7":"product_cat-juguetes-sexuales","9":"first","10":"instock","11":"shipping-taxable","12":"purchasable","13":"product-type-simple"},"jetpack_sharing_enabled":true,"_links":{"self":[{"href":"https:\/\/lilysexshop.com\/bienvenido\/wp-json\/wp\/v2\/product\/5390","targetHints":{"allow":["GET"]}}],"collection":[{"href":"https:\/\/lilysexshop.com\/bienvenido\/wp-json\/wp\/v2\/product"}],"about":[{"href":"https:\/\/lilysexshop.com\/bienvenido\/wp-json\/wp\/v2\/types\/product"}],"replies":[{"embeddable":true,"href":"https:\/\/lilysexshop.com\/bienvenido\/wp-json\/wp\/v2\/comments?post=5390"}],"wp:featuredmedia":[{"embeddable":true,"href":"https:\/\/lilysexshop.com\/bienvenido\/wp-json\/wp\/v2\/media\/5388"}],"wp:attachment":[{"href":"https:\/\/lilysexshop.com\/bienvenido\/wp-json\/wp\/v2\/media?parent=5390"}],"wp:term":[{"taxonomy":"product_brand","embeddable":true,"href":"https:\/\/lilysexshop.com\/bienvenido\/wp-json\/wp\/v2\/product_brand?post=5390"},{"taxonomy":"product_cat","embeddable":true,"href":"https:\/\/lilysexshop.com\/bienvenido\/wp-json\/wp\/v2\/product_cat?post=5390"},{"taxonomy":"product_tag","embeddable":true,"href":"https:\/\/lilysexshop.com\/bienvenido\/wp-json\/wp\/v2\/product_tag?post=5390"}],"curies":[{"name":"wp","href":"https:\/\/api.w.org\/{rel}","templated":true}]}}