{"id":5367,"date":"2026-01-23T08:41:49","date_gmt":"2026-01-23T14:41:49","guid":{"rendered":"https:\/\/lilysexshop.com\/inicio\/tienda\/body-liguero-sexy-rojo\/"},"modified":"2026-01-23T08:41:49","modified_gmt":"2026-01-23T14:41:49","slug":"body-liguero-sexy-rojo","status":"publish","type":"product","link":"https:\/\/lilysexshop.com\/bienvenido\/tienda\/body-liguero-sexy-rojo\/","title":{"rendered":"Body liguero Sexy Rojo"},"content":{"rendered":"<p><strong>descubre la sofisticaci\u00f3n y la sensualidad con esta nueva lencer\u00eda!!!<\/strong><\/p>\n<p><strong>los tirantes ajustables son un elemento clave de este dise\u00f1o cada tirante puede adaptarse a tus necesidades asegurando que la lencer\u00eda se ajuste perfectamente a tu cuerpo proporcionando el soporte necesario sin importar tu tipo de figura este tipo detalle permite que la lencer\u00eda se convierta en una extensi\u00f3n de ti misma adapt\u00e1ndose a tus curvas y brind\u00e1ndote la confianza que necesitas en todo momento&#8230;.<\/strong><\/p>\n<p><strong>el detalle de las medidas las puedes ver en im\u00e1genes Este modelo est\u00e1 disponible en talla grande. <\/strong><\/p>\n","protected":false},"excerpt":{"rendered":"<p>descubre la sofisticaci\u00f3n y la sensualidad con esta nueva lencer\u00eda!!! los tirantes ajustables son un elemento clave de este dise\u00f1o cada tirante puede adaptarse a tus necesidades asegurando que la lencer\u00eda se ajuste perfectamente a tu cuerpo proporcionando el soporte necesario sin importar tu tipo de figura este tipo detalle permite que la lencer\u00eda se [&hellip;]<\/p>\n","protected":false},"featured_media":5366,"comment_status":"open","ping_status":"closed","template":"","meta":[],"product_brand":[],"product_cat":[23],"product_tag":[],"class_list":{"0":"post-5367","1":"product","2":"type-product","3":"status-publish","4":"has-post-thumbnail","6":"product_cat-lenceria","8":"first","9":"instock","10":"shipping-taxable","11":"purchasable","12":"product-type-simple"},"jetpack_sharing_enabled":true,"_links":{"self":[{"href":"https:\/\/lilysexshop.com\/bienvenido\/wp-json\/wp\/v2\/product\/5367","targetHints":{"allow":["GET"]}}],"collection":[{"href":"https:\/\/lilysexshop.com\/bienvenido\/wp-json\/wp\/v2\/product"}],"about":[{"href":"https:\/\/lilysexshop.com\/bienvenido\/wp-json\/wp\/v2\/types\/product"}],"replies":[{"embeddable":true,"href":"https:\/\/lilysexshop.com\/bienvenido\/wp-json\/wp\/v2\/comments?post=5367"}],"wp:featuredmedia":[{"embeddable":true,"href":"https:\/\/lilysexshop.com\/bienvenido\/wp-json\/wp\/v2\/media\/5366"}],"wp:attachment":[{"href":"https:\/\/lilysexshop.com\/bienvenido\/wp-json\/wp\/v2\/media?parent=5367"}],"wp:term":[{"taxonomy":"product_brand","embeddable":true,"href":"https:\/\/lilysexshop.com\/bienvenido\/wp-json\/wp\/v2\/product_brand?post=5367"},{"taxonomy":"product_cat","embeddable":true,"href":"https:\/\/lilysexshop.com\/bienvenido\/wp-json\/wp\/v2\/product_cat?post=5367"},{"taxonomy":"product_tag","embeddable":true,"href":"https:\/\/lilysexshop.com\/bienvenido\/wp-json\/wp\/v2\/product_tag?post=5367"}],"curies":[{"name":"wp","href":"https:\/\/api.w.org\/{rel}","templated":true}]}}