{"id":5350,"date":"2026-01-07T13:35:55","date_gmt":"2026-01-07T19:35:55","guid":{"rendered":"https:\/\/lilysexshop.com\/inicio\/tienda\/body-baby-doll-unitalla-no-incluye-medias\/"},"modified":"2026-03-30T15:12:26","modified_gmt":"2026-03-30T21:12:26","slug":"body-baby-doll-unitalla-no-incluye-medias","status":"publish","type":"product","link":"https:\/\/lilysexshop.com\/bienvenido\/tienda\/body-baby-doll-unitalla-no-incluye-medias\/","title":{"rendered":"Body Baby Doll Unitalla ( no incluye medias)"},"content":{"rendered":"<p>Atenci\u00f3n:<br \/>\nEl tama\u00f1o del producto es el tama\u00f1o medio, adecuado para las mujeres que pesan 40KG-65KG<\/p>\n<p><strong>Nota: el producto no incluye las medias<\/strong>.<\/p>\n<p>\u00abLencer\u00eda Violeta: Elegancia que Despierta Pasiones Discretas\u00bb<\/p>\n<p>Dise\u00f1ado para la Mujer Mexicana Moderna<br \/>\nColor Violeta Suave: Inspirado en las jacarand\u00e1s en primavera, simboliza misterio y creatividad<\/p>\n<p>Para Esas Noches que Merecen Algo Especial<br \/>\nAniversarios: Regalo que dice \u00abte deseo\u00bb sin palabras<br \/>\nAuto-recompensa: T\u00fa mereces sentirte poderosa<br \/>\nFiestas Privadas: Brilla bajo luces tenues sin ser vulgar<\/p>\n<p>\u00bfLista para Sentirte Elegante y Poderosa?<br \/>\nClick en \u00abComprar Ahora\u00bb: Recibe antes de tu cita especial<\/p>\n","protected":false},"excerpt":{"rendered":"<p>Atenci\u00f3n: El tama\u00f1o del producto es el tama\u00f1o medio, adecuado para las mujeres que pesan 40KG-65KG Nota: el producto no incluye las medias. \u00abLencer\u00eda Violeta: Elegancia que Despierta Pasiones Discretas\u00bb Dise\u00f1ado para la Mujer Mexicana Moderna Color Violeta Suave: Inspirado en las jacarand\u00e1s en primavera, simboliza misterio y creatividad Para Esas Noches que Merecen Algo [&hellip;]<\/p>\n","protected":false},"featured_media":5348,"comment_status":"open","ping_status":"closed","template":"","meta":[],"product_brand":[],"product_cat":[15],"product_tag":[],"class_list":{"0":"post-5350","1":"product","2":"type-product","3":"status-publish","4":"has-post-thumbnail","6":"product_cat-sin-categorizar","8":"first","9":"instock","10":"shipping-taxable","11":"purchasable","12":"product-type-simple"},"jetpack_sharing_enabled":true,"_links":{"self":[{"href":"https:\/\/lilysexshop.com\/bienvenido\/wp-json\/wp\/v2\/product\/5350","targetHints":{"allow":["GET"]}}],"collection":[{"href":"https:\/\/lilysexshop.com\/bienvenido\/wp-json\/wp\/v2\/product"}],"about":[{"href":"https:\/\/lilysexshop.com\/bienvenido\/wp-json\/wp\/v2\/types\/product"}],"replies":[{"embeddable":true,"href":"https:\/\/lilysexshop.com\/bienvenido\/wp-json\/wp\/v2\/comments?post=5350"}],"wp:featuredmedia":[{"embeddable":true,"href":"https:\/\/lilysexshop.com\/bienvenido\/wp-json\/wp\/v2\/media\/5348"}],"wp:attachment":[{"href":"https:\/\/lilysexshop.com\/bienvenido\/wp-json\/wp\/v2\/media?parent=5350"}],"wp:term":[{"taxonomy":"product_brand","embeddable":true,"href":"https:\/\/lilysexshop.com\/bienvenido\/wp-json\/wp\/v2\/product_brand?post=5350"},{"taxonomy":"product_cat","embeddable":true,"href":"https:\/\/lilysexshop.com\/bienvenido\/wp-json\/wp\/v2\/product_cat?post=5350"},{"taxonomy":"product_tag","embeddable":true,"href":"https:\/\/lilysexshop.com\/bienvenido\/wp-json\/wp\/v2\/product_tag?post=5350"}],"curies":[{"name":"wp","href":"https:\/\/api.w.org\/{rel}","templated":true}]}}