{"id":5333,"date":"2025-12-28T10:02:48","date_gmt":"2025-12-28T16:02:48","guid":{"rendered":"https:\/\/lilysexshop.com\/inicio\/tienda\/bala-vibradora-inalambrica-2\/"},"modified":"2026-03-09T12:56:41","modified_gmt":"2026-03-09T18:56:41","slug":"bala-vibradora-inalambrica-2","status":"publish","type":"product","link":"https:\/\/lilysexshop.com\/bienvenido\/tienda\/bala-vibradora-inalambrica-2\/","title":{"rendered":"BALA VIBRADORA INAL\u00c1MBRICA"},"content":{"rendered":"<p><strong>4 CM para una estimulaci\u00f3n precisa.<\/strong><\/p>\n<p><strong>recargable con duraci\u00f3n de bater\u00eda de 2 hrs<\/strong><\/p>\n<p><strong>11 modos de vibraci\u00f3n para una variedad se sensaciones.<\/strong><\/p>\n<p><strong>resistente al agua<\/strong>.<\/p>\n<p><strong>control inal\u00e1mbrico <\/strong><\/p>\n<p><strong>recargable USB<\/strong><\/p>\n<p><strong>silicona grado medico<\/strong><\/p>\n","protected":false},"excerpt":{"rendered":"<p>4 CM para una estimulaci\u00f3n precisa. recargable con duraci\u00f3n de bater\u00eda de 2 hrs 11 modos de vibraci\u00f3n para una variedad se sensaciones. resistente al agua. control inal\u00e1mbrico recargable USB silicona grado medico<\/p>\n","protected":false},"featured_media":5329,"comment_status":"open","ping_status":"closed","template":"","meta":[],"product_brand":[],"product_cat":[18,15,72],"product_tag":[],"class_list":{"0":"post-5333","1":"product","2":"type-product","3":"status-publish","4":"has-post-thumbnail","6":"product_cat-juguetes-sexuales","7":"product_cat-sin-categorizar","8":"product_cat-vibradores","10":"first","11":"instock","12":"shipping-taxable","13":"purchasable","14":"product-type-simple"},"jetpack_sharing_enabled":true,"_links":{"self":[{"href":"https:\/\/lilysexshop.com\/bienvenido\/wp-json\/wp\/v2\/product\/5333","targetHints":{"allow":["GET"]}}],"collection":[{"href":"https:\/\/lilysexshop.com\/bienvenido\/wp-json\/wp\/v2\/product"}],"about":[{"href":"https:\/\/lilysexshop.com\/bienvenido\/wp-json\/wp\/v2\/types\/product"}],"replies":[{"embeddable":true,"href":"https:\/\/lilysexshop.com\/bienvenido\/wp-json\/wp\/v2\/comments?post=5333"}],"wp:featuredmedia":[{"embeddable":true,"href":"https:\/\/lilysexshop.com\/bienvenido\/wp-json\/wp\/v2\/media\/5329"}],"wp:attachment":[{"href":"https:\/\/lilysexshop.com\/bienvenido\/wp-json\/wp\/v2\/media?parent=5333"}],"wp:term":[{"taxonomy":"product_brand","embeddable":true,"href":"https:\/\/lilysexshop.com\/bienvenido\/wp-json\/wp\/v2\/product_brand?post=5333"},{"taxonomy":"product_cat","embeddable":true,"href":"https:\/\/lilysexshop.com\/bienvenido\/wp-json\/wp\/v2\/product_cat?post=5333"},{"taxonomy":"product_tag","embeddable":true,"href":"https:\/\/lilysexshop.com\/bienvenido\/wp-json\/wp\/v2\/product_tag?post=5333"}],"curies":[{"name":"wp","href":"https:\/\/api.w.org\/{rel}","templated":true}]}}