{"id":5322,"date":"2025-12-15T15:08:17","date_gmt":"2025-12-15T21:08:17","guid":{"rendered":"https:\/\/lilysexshop.com\/inicio\/tienda\/dildo-vibrador-luxe\/"},"modified":"2026-02-09T11:54:47","modified_gmt":"2026-02-09T17:54:47","slug":"dildo-vibrador-luxe","status":"publish","type":"product","link":"https:\/\/lilysexshop.com\/bienvenido\/tienda\/dildo-vibrador-luxe\/","title":{"rendered":"DILDO VIBRADOR LUXE"},"content":{"rendered":"<p>Caracter\u00edsticas:<\/p>\n<p>Disfruta de un maravilloso momento en solitario con tu nuevo vibrador dildo realista 7.5 CM x 5.5 CM x  26 cm.<\/p>\n<p>Con la cabeza del pene definida y las venas prominentes a lo largo del eje, obtienes una experiencia de masturbaci\u00f3n maravillosa y extra estimulante, donde tu cl\u00edmax se lleva a nuevas alturas.<br \/>\nEl vibrador dildo realista tiene m\u00faltiples patrones de vibraci\u00f3n maravillosos. \u00a1Encontrar\u00e1s tu favorito en poco tiempo! En la parte inferior del vibrador hay un solo bot\u00f3n, que puedes usar para cambiar f\u00e1cilmente entre los incre\u00edbles patrones de vibraci\u00f3n.<br \/>\nEs perfecto tanto para usuarios nuevos como m\u00e1s experimentados de vibradores dildo<br \/>\nEste vibrador dildo realista est\u00e1 hecho de TPE suave y pl\u00e1stico ABS.<\/p>\n<p>Especificaci\u00f3n:<br \/>\n&#8211; Varita masajeadora<br \/>\n&#8211; Tipo: Consolador vibrador<br \/>\n&#8211; Material: TPE<br \/>\n&#8211; Color: Carne<\/p>\n<p>&#8211; Peso: 234.1g<br \/>\n&#8211; Vibraci\u00f3n<br \/>\n&#8211; Juguetes sexuales a prueba de agua<br \/>\nFunci\u00f3n: Punto G, estimulador de vagina y cl\u00edtoris, masaje corporal, masturbaci\u00f3n femenina, juguetes sexuales para adultos 18 mujeres parejas<\/p>\n<p>Paquete discreto<br \/>\nSu pedido ser\u00e1 empaquetado de forma segura y discreta en una bolsa de correo simple. No habr\u00e1 ninguna indicaci\u00f3n sobre el contenido del paquete o desde d\u00f3nde se ha enviado.<\/p>\n","protected":false},"excerpt":{"rendered":"<p>Caracter\u00edsticas: Disfruta de un maravilloso momento en solitario con tu nuevo vibrador dildo realista 7.5 CM x 5.5 CM x 26 cm. Con la cabeza del pene definida y las venas prominentes a lo largo del eje, obtienes una experiencia de masturbaci\u00f3n maravillosa y extra estimulante, donde tu cl\u00edmax se lleva a nuevas alturas. El [&hellip;]<\/p>\n","protected":false},"featured_media":5318,"comment_status":"open","ping_status":"closed","template":"","meta":[],"product_brand":[],"product_cat":[21,72],"product_tag":[],"class_list":{"0":"post-5322","1":"product","2":"type-product","3":"status-publish","4":"has-post-thumbnail","6":"product_cat-dildos","7":"product_cat-vibradores","9":"first","10":"instock","11":"shipping-taxable","12":"purchasable","13":"product-type-simple"},"jetpack_sharing_enabled":true,"_links":{"self":[{"href":"https:\/\/lilysexshop.com\/bienvenido\/wp-json\/wp\/v2\/product\/5322","targetHints":{"allow":["GET"]}}],"collection":[{"href":"https:\/\/lilysexshop.com\/bienvenido\/wp-json\/wp\/v2\/product"}],"about":[{"href":"https:\/\/lilysexshop.com\/bienvenido\/wp-json\/wp\/v2\/types\/product"}],"replies":[{"embeddable":true,"href":"https:\/\/lilysexshop.com\/bienvenido\/wp-json\/wp\/v2\/comments?post=5322"}],"wp:featuredmedia":[{"embeddable":true,"href":"https:\/\/lilysexshop.com\/bienvenido\/wp-json\/wp\/v2\/media\/5318"}],"wp:attachment":[{"href":"https:\/\/lilysexshop.com\/bienvenido\/wp-json\/wp\/v2\/media?parent=5322"}],"wp:term":[{"taxonomy":"product_brand","embeddable":true,"href":"https:\/\/lilysexshop.com\/bienvenido\/wp-json\/wp\/v2\/product_brand?post=5322"},{"taxonomy":"product_cat","embeddable":true,"href":"https:\/\/lilysexshop.com\/bienvenido\/wp-json\/wp\/v2\/product_cat?post=5322"},{"taxonomy":"product_tag","embeddable":true,"href":"https:\/\/lilysexshop.com\/bienvenido\/wp-json\/wp\/v2\/product_tag?post=5322"}],"curies":[{"name":"wp","href":"https:\/\/api.w.org\/{rel}","templated":true}]}}