{"id":5308,"date":"2025-12-08T15:06:19","date_gmt":"2025-12-08T21:06:19","guid":{"rendered":"https:\/\/lilysexshop.com\/inicio\/tienda\/dulce-para-sexo-oral-bj-bang\/"},"modified":"2026-02-13T16:18:48","modified_gmt":"2026-02-13T22:18:48","slug":"dulce-para-sexo-oral-bj-bang","status":"publish","type":"product","link":"https:\/\/lilysexshop.com\/bienvenido\/tienda\/dulce-para-sexo-oral-bj-bang\/","title":{"rendered":"Dulce Para Sexo Oral Bj Bang"},"content":{"rendered":"<p><strong>disponible en tres diferentes sabores fresa cereza y sand\u00eda pregunta por existencias&#8230;<\/strong><\/p>\n<p><strong>\u00a1Mira cu\u00e1nto tiempo puedes aguantar con BJ bang cuando te acuestas con tu amante!<\/strong><\/p>\n<p><strong>\u00a1BJ Bang trae un nuevo nivel a la excitaci\u00f3n oral y seguramente har\u00e1 que vuelvas a correrte por m\u00e1s y m\u00e1s!<\/strong><\/p>\n<p><strong>\u2022 Sexo oral haciendo estallar caramelos<\/strong><\/p>\n","protected":false},"excerpt":{"rendered":"<p>disponible en tres diferentes sabores fresa cereza y sand\u00eda pregunta por existencias&#8230; \u00a1Mira cu\u00e1nto tiempo puedes aguantar con BJ bang cuando te acuestas con tu amante! \u00a1BJ Bang trae un nuevo nivel a la excitaci\u00f3n oral y seguramente har\u00e1 que vuelvas a correrte por m\u00e1s y m\u00e1s! \u2022 Sexo oral haciendo estallar caramelos<\/p>\n","protected":false},"featured_media":5306,"comment_status":"open","ping_status":"closed","template":"","meta":[],"product_brand":[],"product_cat":[22],"product_tag":[],"class_list":{"0":"post-5308","1":"product","2":"type-product","3":"status-publish","4":"has-post-thumbnail","6":"product_cat-afrodisiacos","8":"first","9":"instock","10":"shipping-taxable","11":"purchasable","12":"product-type-simple"},"jetpack_sharing_enabled":true,"_links":{"self":[{"href":"https:\/\/lilysexshop.com\/bienvenido\/wp-json\/wp\/v2\/product\/5308","targetHints":{"allow":["GET"]}}],"collection":[{"href":"https:\/\/lilysexshop.com\/bienvenido\/wp-json\/wp\/v2\/product"}],"about":[{"href":"https:\/\/lilysexshop.com\/bienvenido\/wp-json\/wp\/v2\/types\/product"}],"replies":[{"embeddable":true,"href":"https:\/\/lilysexshop.com\/bienvenido\/wp-json\/wp\/v2\/comments?post=5308"}],"wp:featuredmedia":[{"embeddable":true,"href":"https:\/\/lilysexshop.com\/bienvenido\/wp-json\/wp\/v2\/media\/5306"}],"wp:attachment":[{"href":"https:\/\/lilysexshop.com\/bienvenido\/wp-json\/wp\/v2\/media?parent=5308"}],"wp:term":[{"taxonomy":"product_brand","embeddable":true,"href":"https:\/\/lilysexshop.com\/bienvenido\/wp-json\/wp\/v2\/product_brand?post=5308"},{"taxonomy":"product_cat","embeddable":true,"href":"https:\/\/lilysexshop.com\/bienvenido\/wp-json\/wp\/v2\/product_cat?post=5308"},{"taxonomy":"product_tag","embeddable":true,"href":"https:\/\/lilysexshop.com\/bienvenido\/wp-json\/wp\/v2\/product_tag?post=5308"}],"curies":[{"name":"wp","href":"https:\/\/api.w.org\/{rel}","templated":true}]}}