{"id":5272,"date":"2025-12-02T12:36:10","date_gmt":"2025-12-02T18:36:10","guid":{"rendered":"https:\/\/lilysexshop.com\/inicio\/tienda\/stud-plus-retardante\/"},"modified":"2026-04-28T16:57:48","modified_gmt":"2026-04-28T22:57:48","slug":"stud-plus-retardante","status":"publish","type":"product","link":"https:\/\/lilysexshop.com\/bienvenido\/tienda\/stud-plus-retardante\/","title":{"rendered":"STUD PLUS RETARDANTE"},"content":{"rendered":"<p><strong>stud plus spray retardante reforzado con lidoca\u00edna que ayuda a retardar la eyaculaci\u00f3n contenido neto 30 ML.<\/strong><\/p>\n<p><strong>ingredientes agua jengibre clavo menta canela lidoca\u00edna y vitamina e. <\/strong><\/p>\n<p><strong>modo de uso utilice el producto de 5 a 20 minutos antes de la actividad sexual aplicar sobre el glande y surco coronario.<\/strong><\/p>\n","protected":false},"excerpt":{"rendered":"<p>stud plus spray retardante reforzado con lidoca\u00edna que ayuda a retardar la eyaculaci\u00f3n contenido neto 30 ML. ingredientes agua jengibre clavo menta canela lidoca\u00edna y vitamina e. modo de uso utilice el producto de 5 a 20 minutos antes de la actividad sexual aplicar sobre el glande y surco coronario.<\/p>\n","protected":false},"featured_media":5373,"comment_status":"open","ping_status":"closed","template":"","meta":[],"product_brand":[],"product_cat":[26,16],"product_tag":[],"class_list":{"0":"post-5272","1":"product","2":"type-product","3":"status-publish","4":"has-post-thumbnail","6":"product_cat-juguetes-para-hombres","7":"product_cat-cremas-lubricantes-y-geles","9":"first","10":"instock","11":"shipping-taxable","12":"purchasable","13":"product-type-simple"},"jetpack_sharing_enabled":true,"_links":{"self":[{"href":"https:\/\/lilysexshop.com\/bienvenido\/wp-json\/wp\/v2\/product\/5272","targetHints":{"allow":["GET"]}}],"collection":[{"href":"https:\/\/lilysexshop.com\/bienvenido\/wp-json\/wp\/v2\/product"}],"about":[{"href":"https:\/\/lilysexshop.com\/bienvenido\/wp-json\/wp\/v2\/types\/product"}],"replies":[{"embeddable":true,"href":"https:\/\/lilysexshop.com\/bienvenido\/wp-json\/wp\/v2\/comments?post=5272"}],"wp:featuredmedia":[{"embeddable":true,"href":"https:\/\/lilysexshop.com\/bienvenido\/wp-json\/wp\/v2\/media\/5373"}],"wp:attachment":[{"href":"https:\/\/lilysexshop.com\/bienvenido\/wp-json\/wp\/v2\/media?parent=5272"}],"wp:term":[{"taxonomy":"product_brand","embeddable":true,"href":"https:\/\/lilysexshop.com\/bienvenido\/wp-json\/wp\/v2\/product_brand?post=5272"},{"taxonomy":"product_cat","embeddable":true,"href":"https:\/\/lilysexshop.com\/bienvenido\/wp-json\/wp\/v2\/product_cat?post=5272"},{"taxonomy":"product_tag","embeddable":true,"href":"https:\/\/lilysexshop.com\/bienvenido\/wp-json\/wp\/v2\/product_tag?post=5272"}],"curies":[{"name":"wp","href":"https:\/\/api.w.org\/{rel}","templated":true}]}}