{"id":5229,"date":"2025-11-18T13:38:41","date_gmt":"2025-11-18T19:38:41","guid":{"rendered":"https:\/\/lilysexshop.com\/inicio\/tienda\/masturbador-masculino-stroke\/"},"modified":"2025-11-18T13:38:41","modified_gmt":"2025-11-18T19:38:41","slug":"masturbador-masculino-stroke","status":"publish","type":"product","link":"https:\/\/lilysexshop.com\/bienvenido\/tienda\/masturbador-masculino-stroke\/","title":{"rendered":"Masturbador Masculino Stroke"},"content":{"rendered":"<p>Material y tama\u00f1o: hecho de TPE de primera calidad seguro para el cuerpo, esta funda masturbadora masculina ofrece una textura realista similar a la carne para m\u00e1xima comodidad y estimulaci\u00f3n. Compacto con 5.5 pulgadas de largo x 1.5 pulgadas de ancho, es un discreto trazo de bolsillo dise\u00f1ado para adaptarse a todos los tama\u00f1os de pene con un dise\u00f1o abierto para mayor versatilidad.<\/p>\n","protected":false},"excerpt":{"rendered":"<p>Material y tama\u00f1o: hecho de TPE de primera calidad seguro para el cuerpo, esta funda masturbadora masculina ofrece una textura realista similar a la carne para m\u00e1xima comodidad y estimulaci\u00f3n. Compacto con 5.5 pulgadas de largo x 1.5 pulgadas de ancho, es un discreto trazo de bolsillo dise\u00f1ado para adaptarse a todos los tama\u00f1os de [&hellip;]<\/p>\n","protected":false},"featured_media":5227,"comment_status":"open","ping_status":"closed","template":"","meta":[],"product_brand":[],"product_cat":[26],"product_tag":[],"class_list":{"0":"post-5229","1":"product","2":"type-product","3":"status-publish","4":"has-post-thumbnail","6":"product_cat-juguetes-para-hombres","8":"first","9":"instock","10":"shipping-taxable","11":"purchasable","12":"product-type-simple"},"jetpack_sharing_enabled":true,"_links":{"self":[{"href":"https:\/\/lilysexshop.com\/bienvenido\/wp-json\/wp\/v2\/product\/5229","targetHints":{"allow":["GET"]}}],"collection":[{"href":"https:\/\/lilysexshop.com\/bienvenido\/wp-json\/wp\/v2\/product"}],"about":[{"href":"https:\/\/lilysexshop.com\/bienvenido\/wp-json\/wp\/v2\/types\/product"}],"replies":[{"embeddable":true,"href":"https:\/\/lilysexshop.com\/bienvenido\/wp-json\/wp\/v2\/comments?post=5229"}],"wp:featuredmedia":[{"embeddable":true,"href":"https:\/\/lilysexshop.com\/bienvenido\/wp-json\/wp\/v2\/media\/5227"}],"wp:attachment":[{"href":"https:\/\/lilysexshop.com\/bienvenido\/wp-json\/wp\/v2\/media?parent=5229"}],"wp:term":[{"taxonomy":"product_brand","embeddable":true,"href":"https:\/\/lilysexshop.com\/bienvenido\/wp-json\/wp\/v2\/product_brand?post=5229"},{"taxonomy":"product_cat","embeddable":true,"href":"https:\/\/lilysexshop.com\/bienvenido\/wp-json\/wp\/v2\/product_cat?post=5229"},{"taxonomy":"product_tag","embeddable":true,"href":"https:\/\/lilysexshop.com\/bienvenido\/wp-json\/wp\/v2\/product_tag?post=5229"}],"curies":[{"name":"wp","href":"https:\/\/api.w.org\/{rel}","templated":true}]}}