{"id":5075,"date":"2025-06-16T17:22:32","date_gmt":"2025-06-16T23:22:32","guid":{"rendered":"https:\/\/lilysexshop.com\/inicio\/tienda\/anillo-vibrador-play-whith-me-teaster\/"},"modified":"2026-03-09T12:57:17","modified_gmt":"2026-03-09T18:57:17","slug":"anillo-vibrador-play-whith-me-teaster","status":"publish","type":"product","link":"https:\/\/lilysexshop.com\/bienvenido\/tienda\/anillo-vibrador-play-whith-me-teaster\/","title":{"rendered":"Anillo vibrador Play Whith Me Teaster"},"content":{"rendered":"<p>Que es un Anillo Vibrador  Play With Me Teaser&#8230;<\/p>\n<p>\u00a1Amplifica tu placer y extiende tu tiempo de juego!<\/p>\n<p>El Anillo Vibrador Azul Play With Me Teaser se puede usar alrededor de la base del pene o debajo de las bolas. Con una textura suave y acanalada en la parte delantera del anillo en C que rodea la bala vibratoria de 1 velocidad, \u00a1hay muchas formas de jugar y sensaciones que explorar!<\/p>\n<p>Coloque la bala vibradora entre usted y su compa\u00f1ero durante el juego en pareja o directamente en cualquier punto de placer de su propio cuerpo durante el juego en solitario.<\/p>\n<p>Modo de uso<\/p>\n<p>Preparaci\u00f3n y LimpiezaAntes de comenzar, aseg\u00farate de que la bala vibradora est\u00e9 completamente cargada seg\u00fan las instrucciones del fabricante o tenga pilas en buen estado.<\/p>\n<p>Limpia la bala vibradora con un limpiador de juguetes sexuales o agua tibia y jab\u00f3n suave. Aseg\u00farate de que est\u00e9 completamente seca antes de usarla.<\/p>\n<p>Encendido y Ajuste del masturbador: Activa el peque\u00f1o micro bala y disfruta de incre\u00edbles vibraciones y una estimulaci\u00f3n incre\u00edble. El control de un toque hace que sea f\u00e1cil de operar, mientras que las vibraciones silenciosas susurran y complacen. Es perfecto para \u00e9l y para ella y divertido para todos.<\/p>\n<p>Recomendaciones adicionales<\/p>\n<p>Es recomendable lavar el juguete antes y despu\u00e9s de cada uso, utilizando un Toy cleaner o un jab\u00f3n \u00edntimo de pH neutro. Esta pr\u00e1ctica contribuye a preservar y cuidar el material del juguete, previniendo su deterioro o posibles da\u00f1os.<\/p>\n<p>Si es la primera vez que usas un masajeador, comienza con niveles de vibraci\u00f3n m\u00e1s bajos y ve aumentando gradualmente seg\u00fan tu comodidad.<\/p>\n<p>Aseg\u00farate de seguir las indicaciones del fabricante para el cuidado y mantenimiento adecuados del juguete.<\/p>\n<p>Limpia el Anillo y despu\u00e9s de cada uso para mantener la higiene.<\/p>\n<p>Informaci\u00f3n Anillo Vibrador Rosa Play With Me Teaser<br \/>\nNo contiene fragancias, ftalatos, parafinas ni l\u00e1tex.<br \/>\n\u00a1Vibraci\u00f3n manos libres mientras juegas!<br \/>\n1 potente funci\u00f3n de vibraci\u00f3n<br \/>\nEl anillo el\u00e1stico est\u00e1 dimensionado para mayor comodidad<br \/>\nF\u00e1cil de usar y explorar<br \/>\nCaracter\u00edsticas<br \/>\nHecho de TPE y no porosa ABS pl\u00e1stico.<br \/>\nHecho de TPE y pl\u00e1stico ABS no poroso .<br \/>\nNo contiene fragancias, ftalatos, parafinas ni l\u00e1tex; requiere 1 pila AAA<\/p>\n","protected":false},"excerpt":{"rendered":"<p>Que es un Anillo Vibrador Play With Me Teaser&#8230; \u00a1Amplifica tu placer y extiende tu tiempo de juego! El Anillo Vibrador Azul Play With Me Teaser se puede usar alrededor de la base del pene o debajo de las bolas. Con una textura suave y acanalada en la parte delantera del anillo en C que [&hellip;]<\/p>\n","protected":false},"featured_media":5074,"comment_status":"open","ping_status":"closed","template":"","meta":[],"product_brand":[],"product_cat":[31,26,18],"product_tag":[],"class_list":{"0":"post-5075","1":"product","2":"type-product","3":"status-publish","4":"has-post-thumbnail","6":"product_cat-basicos","7":"product_cat-juguetes-para-hombres","8":"product_cat-juguetes-sexuales","10":"first","11":"instock","12":"shipping-taxable","13":"purchasable","14":"product-type-simple"},"jetpack_sharing_enabled":true,"_links":{"self":[{"href":"https:\/\/lilysexshop.com\/bienvenido\/wp-json\/wp\/v2\/product\/5075","targetHints":{"allow":["GET"]}}],"collection":[{"href":"https:\/\/lilysexshop.com\/bienvenido\/wp-json\/wp\/v2\/product"}],"about":[{"href":"https:\/\/lilysexshop.com\/bienvenido\/wp-json\/wp\/v2\/types\/product"}],"replies":[{"embeddable":true,"href":"https:\/\/lilysexshop.com\/bienvenido\/wp-json\/wp\/v2\/comments?post=5075"}],"wp:featuredmedia":[{"embeddable":true,"href":"https:\/\/lilysexshop.com\/bienvenido\/wp-json\/wp\/v2\/media\/5074"}],"wp:attachment":[{"href":"https:\/\/lilysexshop.com\/bienvenido\/wp-json\/wp\/v2\/media?parent=5075"}],"wp:term":[{"taxonomy":"product_brand","embeddable":true,"href":"https:\/\/lilysexshop.com\/bienvenido\/wp-json\/wp\/v2\/product_brand?post=5075"},{"taxonomy":"product_cat","embeddable":true,"href":"https:\/\/lilysexshop.com\/bienvenido\/wp-json\/wp\/v2\/product_cat?post=5075"},{"taxonomy":"product_tag","embeddable":true,"href":"https:\/\/lilysexshop.com\/bienvenido\/wp-json\/wp\/v2\/product_tag?post=5075"}],"curies":[{"name":"wp","href":"https:\/\/api.w.org\/{rel}","templated":true}]}}