{"id":4977,"date":"2025-04-08T17:44:17","date_gmt":"2025-04-08T23:44:17","guid":{"rendered":"https:\/\/lilysexshop.com\/inicio\/tienda\/dildo-consolador-tony-chocolate-%f0%9f%8d%ab\/"},"modified":"2026-03-26T17:42:14","modified_gmt":"2026-03-26T23:42:14","slug":"dildo-consolador-tony-chocolate-%f0%9f%8d%ab","status":"publish","type":"product","link":"https:\/\/lilysexshop.com\/bienvenido\/tienda\/dildo-consolador-tony-chocolate-%f0%9f%8d%ab\/","title":{"rendered":"Dildo Consolador Tony Chocolate \ud83c\udf6b"},"content":{"rendered":"<p><strong>dildo consolador Tony chocolate especial para personas que no han probado juguetes ya que su tama\u00f1o es ideal. <\/strong><\/p>\n<p><strong>la forma correcta de usarlo es lavarlo antes de usar de preferencia con jab\u00f3n neutro y usar lubricante. <\/strong><\/p>\n<p><strong>puedes ver las medidas en im\u00e1genes.<\/strong><\/p>\n","protected":false},"excerpt":{"rendered":"<p>dildo consolador Tony chocolate especial para personas que no han probado juguetes ya que su tama\u00f1o es ideal. la forma correcta de usarlo es lavarlo antes de usar de preferencia con jab\u00f3n neutro y usar lubricante. puedes ver las medidas en im\u00e1genes.<\/p>\n","protected":false},"featured_media":4976,"comment_status":"open","ping_status":"closed","template":"","meta":[],"product_brand":[],"product_cat":[21,18],"product_tag":[],"class_list":{"0":"post-4977","1":"product","2":"type-product","3":"status-publish","4":"has-post-thumbnail","6":"product_cat-dildos","7":"product_cat-juguetes-sexuales","9":"first","10":"instock","11":"shipping-taxable","12":"purchasable","13":"product-type-simple"},"jetpack_sharing_enabled":true,"_links":{"self":[{"href":"https:\/\/lilysexshop.com\/bienvenido\/wp-json\/wp\/v2\/product\/4977","targetHints":{"allow":["GET"]}}],"collection":[{"href":"https:\/\/lilysexshop.com\/bienvenido\/wp-json\/wp\/v2\/product"}],"about":[{"href":"https:\/\/lilysexshop.com\/bienvenido\/wp-json\/wp\/v2\/types\/product"}],"replies":[{"embeddable":true,"href":"https:\/\/lilysexshop.com\/bienvenido\/wp-json\/wp\/v2\/comments?post=4977"}],"wp:featuredmedia":[{"embeddable":true,"href":"https:\/\/lilysexshop.com\/bienvenido\/wp-json\/wp\/v2\/media\/4976"}],"wp:attachment":[{"href":"https:\/\/lilysexshop.com\/bienvenido\/wp-json\/wp\/v2\/media?parent=4977"}],"wp:term":[{"taxonomy":"product_brand","embeddable":true,"href":"https:\/\/lilysexshop.com\/bienvenido\/wp-json\/wp\/v2\/product_brand?post=4977"},{"taxonomy":"product_cat","embeddable":true,"href":"https:\/\/lilysexshop.com\/bienvenido\/wp-json\/wp\/v2\/product_cat?post=4977"},{"taxonomy":"product_tag","embeddable":true,"href":"https:\/\/lilysexshop.com\/bienvenido\/wp-json\/wp\/v2\/product_tag?post=4977"}],"curies":[{"name":"wp","href":"https:\/\/api.w.org\/{rel}","templated":true}]}}