{"id":4975,"date":"2025-04-08T17:32:33","date_gmt":"2025-04-08T23:32:33","guid":{"rendered":"https:\/\/lilysexshop.com\/inicio\/tienda\/dildo-consolador-mr-cruz-chocolate-%f0%9f%8d%ab\/"},"modified":"2026-03-20T08:26:11","modified_gmt":"2026-03-20T14:26:11","slug":"dildo-consolador-mr-cruz-chocolate-%f0%9f%8d%ab","status":"publish","type":"product","link":"https:\/\/lilysexshop.com\/bienvenido\/tienda\/dildo-consolador-mr-cruz-chocolate-%f0%9f%8d%ab\/","title":{"rendered":"Dildo consolador Mr. Cruz Chocolate \ud83c\udf6b"},"content":{"rendered":"<p><strong>Producto totalmente nuevo. <\/strong><\/p>\n<p><strong>Juguete dise\u00f1ado en material suave al tacto libre de ftalatos.<\/strong><\/p>\n<p><strong>Recomendaciones:<\/strong><\/p>\n<p><strong>utilizar con lubricante, lavar con agua y jab\u00f3n neutro antes y despu\u00e9s de su uso!<\/strong><\/p>\n<p><strong>medidas:<\/strong><\/p>\n<p><strong>22 cm largo <\/strong><\/p>\n<p><strong>3.5 cm ancho<\/strong><\/p>\n","protected":false},"excerpt":{"rendered":"<p>Producto totalmente nuevo. Juguete dise\u00f1ado en material suave al tacto libre de ftalatos. Recomendaciones: utilizar con lubricante, lavar con agua y jab\u00f3n neutro antes y despu\u00e9s de su uso! medidas: 22 cm largo 3.5 cm ancho<\/p>\n","protected":false},"featured_media":4972,"comment_status":"open","ping_status":"closed","template":"","meta":[],"product_brand":[],"product_cat":[21,18],"product_tag":[],"class_list":{"0":"post-4975","1":"product","2":"type-product","3":"status-publish","4":"has-post-thumbnail","6":"product_cat-dildos","7":"product_cat-juguetes-sexuales","9":"first","10":"instock","11":"shipping-taxable","12":"purchasable","13":"product-type-simple"},"jetpack_sharing_enabled":true,"_links":{"self":[{"href":"https:\/\/lilysexshop.com\/bienvenido\/wp-json\/wp\/v2\/product\/4975","targetHints":{"allow":["GET"]}}],"collection":[{"href":"https:\/\/lilysexshop.com\/bienvenido\/wp-json\/wp\/v2\/product"}],"about":[{"href":"https:\/\/lilysexshop.com\/bienvenido\/wp-json\/wp\/v2\/types\/product"}],"replies":[{"embeddable":true,"href":"https:\/\/lilysexshop.com\/bienvenido\/wp-json\/wp\/v2\/comments?post=4975"}],"wp:featuredmedia":[{"embeddable":true,"href":"https:\/\/lilysexshop.com\/bienvenido\/wp-json\/wp\/v2\/media\/4972"}],"wp:attachment":[{"href":"https:\/\/lilysexshop.com\/bienvenido\/wp-json\/wp\/v2\/media?parent=4975"}],"wp:term":[{"taxonomy":"product_brand","embeddable":true,"href":"https:\/\/lilysexshop.com\/bienvenido\/wp-json\/wp\/v2\/product_brand?post=4975"},{"taxonomy":"product_cat","embeddable":true,"href":"https:\/\/lilysexshop.com\/bienvenido\/wp-json\/wp\/v2\/product_cat?post=4975"},{"taxonomy":"product_tag","embeddable":true,"href":"https:\/\/lilysexshop.com\/bienvenido\/wp-json\/wp\/v2\/product_tag?post=4975"}],"curies":[{"name":"wp","href":"https:\/\/api.w.org\/{rel}","templated":true}]}}