{"id":4970,"date":"2025-03-26T08:19:57","date_gmt":"2025-03-26T14:19:57","guid":{"rendered":"https:\/\/lilysexshop.com\/inicio\/tienda\/gomitas-rihino\/"},"modified":"2026-02-18T13:27:41","modified_gmt":"2026-02-18T19:27:41","slug":"gomitas-rihino","status":"publish","type":"product","link":"https:\/\/lilysexshop.com\/bienvenido\/tienda\/gomitas-rihino\/","title":{"rendered":"GOMITAS RIHINO"},"content":{"rendered":"<p>Gomitas para la mejora sexual masculina. Se activan en solo 15 minutos, proporcionando una erecci\u00f3n firme y duradera que dura toda la noche. Nuestra f\u00f3rmula avanzada est\u00e1 integrada en cada gomita, lo que proporciona una gran potencia y un sabor delicioso. \u00a1Cada gomita est\u00e1 recubierta de az\u00facar y tiene sabor a fresa!<\/p>\n<p>\u00bfPor qu\u00e9 probar las gomitas?<\/p>\n<p>Se activan m\u00e1s r\u00e1pido que las c\u00e1psulas<br \/>\nSe activan en solo 15 minutos<br \/>\nDelicioso sabor<br \/>\nA base de az\u00facar<br \/>\nFormas divertidas<br \/>\n10 mg\/g de mezclas patentadas e inhibidores de la PDE5 en cada gomita<br \/>\nBeneficios del producto:<\/p>\n<p>Erecciones m\u00e1s firmes y duraderas<br \/>\nMaximiza la duraci\u00f3n de las relaciones sexuales<br \/>\nAdi\u00f3s a la eyaculaci\u00f3n precoz<br \/>\nOrgasmos m\u00e1s intensos<br \/>\nLos efectos duran 72 horas<br \/>\nSe activan en 15 minutos<br \/>\n\u00bfQu\u00e9 incluye?<\/p>\n<p>Un paquete de 1 gomita<br \/>\nUso y efectos:<\/p>\n<p>Tome una gomita 15 minutos antes de tener relaciones sexuales para aumentar la energ\u00eda, la libido y el rendimiento sexual. Tambi\u00e9n se puede usar regularmente para mantener una condici\u00f3n \u00f3ptima de preparaci\u00f3n antes de tener relaciones sexuales.<br \/>\nPara obtener mejores resultados, t\u00f3melo con una hora de diferencia de otros suplementos o medicamentos.<br \/>\nSUGERENCIA: Para obtener los mejores resultados, espere aproximadamente 1 o 2 horas antes de cualquier actividad.<\/p>\n","protected":false},"excerpt":{"rendered":"<p>Gomitas para la mejora sexual masculina. Se activan en solo 15 minutos, proporcionando una erecci\u00f3n firme y duradera que dura toda la noche. Nuestra f\u00f3rmula avanzada est\u00e1 integrada en cada gomita, lo que proporciona una gran potencia y un sabor delicioso. \u00a1Cada gomita est\u00e1 recubierta de az\u00facar y tiene sabor a fresa! \u00bfPor qu\u00e9 probar [&hellip;]<\/p>\n","protected":false},"featured_media":5255,"comment_status":"open","ping_status":"closed","template":"","meta":[],"product_brand":[],"product_cat":[22],"product_tag":[],"class_list":{"0":"post-4970","1":"product","2":"type-product","3":"status-publish","4":"has-post-thumbnail","6":"product_cat-afrodisiacos","8":"first","9":"instock","10":"shipping-taxable","11":"purchasable","12":"product-type-simple"},"jetpack_sharing_enabled":true,"_links":{"self":[{"href":"https:\/\/lilysexshop.com\/bienvenido\/wp-json\/wp\/v2\/product\/4970","targetHints":{"allow":["GET"]}}],"collection":[{"href":"https:\/\/lilysexshop.com\/bienvenido\/wp-json\/wp\/v2\/product"}],"about":[{"href":"https:\/\/lilysexshop.com\/bienvenido\/wp-json\/wp\/v2\/types\/product"}],"replies":[{"embeddable":true,"href":"https:\/\/lilysexshop.com\/bienvenido\/wp-json\/wp\/v2\/comments?post=4970"}],"wp:featuredmedia":[{"embeddable":true,"href":"https:\/\/lilysexshop.com\/bienvenido\/wp-json\/wp\/v2\/media\/5255"}],"wp:attachment":[{"href":"https:\/\/lilysexshop.com\/bienvenido\/wp-json\/wp\/v2\/media?parent=4970"}],"wp:term":[{"taxonomy":"product_brand","embeddable":true,"href":"https:\/\/lilysexshop.com\/bienvenido\/wp-json\/wp\/v2\/product_brand?post=4970"},{"taxonomy":"product_cat","embeddable":true,"href":"https:\/\/lilysexshop.com\/bienvenido\/wp-json\/wp\/v2\/product_cat?post=4970"},{"taxonomy":"product_tag","embeddable":true,"href":"https:\/\/lilysexshop.com\/bienvenido\/wp-json\/wp\/v2\/product_tag?post=4970"}],"curies":[{"name":"wp","href":"https:\/\/api.w.org\/{rel}","templated":true}]}}