{"id":4923,"date":"2025-01-28T18:32:10","date_gmt":"2025-01-29T00:32:10","guid":{"rendered":"https:\/\/lilysexshop.com\/inicio\/tienda\/dispositivo-para-orinar-parada\/"},"modified":"2026-04-27T22:05:08","modified_gmt":"2026-04-28T04:05:08","slug":"dispositivo-para-orinar-parada","status":"publish","type":"product","link":"https:\/\/lilysexshop.com\/bienvenido\/tienda\/dispositivo-para-orinar-parada\/","title":{"rendered":"DISPOSITIVO PARA ORINAR PARADA"},"content":{"rendered":"<p><strong>DISPOSITIVO PARA ORINAR PARADA SILIC\u00d3N GRADO QUIR\u00daRGICO. <\/strong><\/p>\n<p><strong>REUSABLE <\/strong><\/p>\n<p><strong>LAVABLE <\/strong><\/p>\n<p><strong>SEGURO DE USAR. <\/strong><\/p>\n<p><strong>NO M\u00c1S PIP\u00cd DE AGUILITA&#8230;<\/strong><\/p>\n<p><strong>RECUERDA PRACTICAR ANTES EN TU CASA PARA NO TENER ACCIDENTES&#8230;<\/strong><\/p>\n<p>permite a las mujeres orinar de pie. Es higi\u00e9nico, simple y trae una pr\u00e1ctica caja de almacenaje.<\/p>\n<p>Ya sea en la naturaleza, en los festivales o en las paradas de descanso, los inodoros inexistentes o sucios ya no son un problema.<\/p>\n<p>Uso<br \/>\nPara la aplicaci\u00f3n,  se sostiene el dispositivo desplegado con el lazo hacia el cuerpo, el extremo del embudo apuntando hacia delante.<\/p>\n<p>Durante el uso, hay que tener cuidado de que est\u00e9 correctamente colocado y la uretra est\u00e9 cubierta.<\/p>\n<p>Despu\u00e9s de su uso, puede limpiarse con agua y jab\u00f3n, es lavable y reutilizable.<\/p>\n","protected":false},"excerpt":{"rendered":"<p>DISPOSITIVO PARA ORINAR PARADA SILIC\u00d3N GRADO QUIR\u00daRGICO. REUSABLE LAVABLE SEGURO DE USAR. NO M\u00c1S PIP\u00cd DE AGUILITA&#8230; RECUERDA PRACTICAR ANTES EN TU CASA PARA NO TENER ACCIDENTES&#8230; permite a las mujeres orinar de pie. Es higi\u00e9nico, simple y trae una pr\u00e1ctica caja de almacenaje. Ya sea en la naturaleza, en los festivales o en las [&hellip;]<\/p>\n","protected":false},"featured_media":4920,"comment_status":"open","ping_status":"closed","template":"","meta":[],"product_brand":[],"product_cat":[31],"product_tag":[],"class_list":{"0":"post-4923","1":"product","2":"type-product","3":"status-publish","4":"has-post-thumbnail","6":"product_cat-basicos","8":"first","9":"instock","10":"shipping-taxable","11":"purchasable","12":"product-type-simple"},"jetpack_sharing_enabled":true,"_links":{"self":[{"href":"https:\/\/lilysexshop.com\/bienvenido\/wp-json\/wp\/v2\/product\/4923","targetHints":{"allow":["GET"]}}],"collection":[{"href":"https:\/\/lilysexshop.com\/bienvenido\/wp-json\/wp\/v2\/product"}],"about":[{"href":"https:\/\/lilysexshop.com\/bienvenido\/wp-json\/wp\/v2\/types\/product"}],"replies":[{"embeddable":true,"href":"https:\/\/lilysexshop.com\/bienvenido\/wp-json\/wp\/v2\/comments?post=4923"}],"wp:featuredmedia":[{"embeddable":true,"href":"https:\/\/lilysexshop.com\/bienvenido\/wp-json\/wp\/v2\/media\/4920"}],"wp:attachment":[{"href":"https:\/\/lilysexshop.com\/bienvenido\/wp-json\/wp\/v2\/media?parent=4923"}],"wp:term":[{"taxonomy":"product_brand","embeddable":true,"href":"https:\/\/lilysexshop.com\/bienvenido\/wp-json\/wp\/v2\/product_brand?post=4923"},{"taxonomy":"product_cat","embeddable":true,"href":"https:\/\/lilysexshop.com\/bienvenido\/wp-json\/wp\/v2\/product_cat?post=4923"},{"taxonomy":"product_tag","embeddable":true,"href":"https:\/\/lilysexshop.com\/bienvenido\/wp-json\/wp\/v2\/product_tag?post=4923"}],"curies":[{"name":"wp","href":"https:\/\/api.w.org\/{rel}","templated":true}]}}