{"id":4815,"date":"2024-12-19T16:20:41","date_gmt":"2024-12-19T22:20:41","guid":{"rendered":"https:\/\/lilysexshop.com\/inicio\/tienda\/lubricante-4-en-1-chicle\/"},"modified":"2026-04-27T22:02:30","modified_gmt":"2026-04-28T04:02:30","slug":"lubricante-4-en-1-chicle","status":"publish","type":"product","link":"https:\/\/lilysexshop.com\/bienvenido\/tienda\/lubricante-4-en-1-chicle\/","title":{"rendered":"LUBRICANTE 4 EN 1 CHICLE"},"content":{"rendered":"<p><strong>Lubricante, comestible, masaje y efecto t\u00e9rmico \u00a1Todo En Uno! Disfruta de el aumento de temperatura con el efecto caliente, saborea de la piel de tu pareja agregando un poco de este en las zonas er\u00f3genas, como pezones, cuello, mu\u00f1ecas o \u00fasalo para sexo oral y masaje er\u00f3tico. Lub Tout Temps es una l\u00ednea de lubricantes mexicanos de excelente calidad.<\/strong><\/p>\n<p><strong>Lubricante<\/strong><br \/>\n<strong>Comestible<\/strong><br \/>\n<strong>Para masaje<\/strong><br \/>\n<strong>Sensaci\u00f3n t\u00e9rmica<\/strong><br \/>\n<strong>Sabor: Chicle<\/strong><br \/>\n<strong>Ingredientes: Glicerina y sabores artificiales<\/strong><br \/>\n<strong>Efecto: Caliente<\/strong><br \/>\n<strong>Contenido: 30ml<\/strong><\/p>\n<p><strong><strong>lubricante 4 en uno sabor chicle. <\/strong><\/strong><\/p>\n<p><strong><strong>ingredientes glicerina y saborizantes artificiales <\/strong><\/strong><\/p>\n<p><strong><strong>modo de uso aplica tou tems como lubricante para masaje sensaci\u00f3n caliente producto de grado alimenticio. <\/strong><\/strong><\/p>\n<p><strong><strong>lubricante <\/strong><\/strong><\/p>\n<p><strong><strong>comestible<\/strong><\/strong><\/p>\n<p><strong><strong>para masaje<\/strong><\/strong><\/p>\n<p><strong>se calienta con la fricci\u00f3n <\/strong><\/p>\n","protected":false},"excerpt":{"rendered":"<p>Lubricante, comestible, masaje y efecto t\u00e9rmico \u00a1Todo En Uno! Disfruta de el aumento de temperatura con el efecto caliente, saborea de la piel de tu pareja agregando un poco de este en las zonas er\u00f3genas, como pezones, cuello, mu\u00f1ecas o \u00fasalo para sexo oral y masaje er\u00f3tico. Lub Tout Temps es una l\u00ednea de lubricantes [&hellip;]<\/p>\n","protected":false},"featured_media":5059,"comment_status":"open","ping_status":"closed","template":"","meta":[],"product_brand":[],"product_cat":[16],"product_tag":[],"class_list":{"0":"post-4815","1":"product","2":"type-product","3":"status-publish","4":"has-post-thumbnail","6":"product_cat-cremas-lubricantes-y-geles","8":"first","9":"instock","10":"shipping-taxable","11":"purchasable","12":"product-type-simple"},"jetpack_sharing_enabled":true,"_links":{"self":[{"href":"https:\/\/lilysexshop.com\/bienvenido\/wp-json\/wp\/v2\/product\/4815","targetHints":{"allow":["GET"]}}],"collection":[{"href":"https:\/\/lilysexshop.com\/bienvenido\/wp-json\/wp\/v2\/product"}],"about":[{"href":"https:\/\/lilysexshop.com\/bienvenido\/wp-json\/wp\/v2\/types\/product"}],"replies":[{"embeddable":true,"href":"https:\/\/lilysexshop.com\/bienvenido\/wp-json\/wp\/v2\/comments?post=4815"}],"wp:featuredmedia":[{"embeddable":true,"href":"https:\/\/lilysexshop.com\/bienvenido\/wp-json\/wp\/v2\/media\/5059"}],"wp:attachment":[{"href":"https:\/\/lilysexshop.com\/bienvenido\/wp-json\/wp\/v2\/media?parent=4815"}],"wp:term":[{"taxonomy":"product_brand","embeddable":true,"href":"https:\/\/lilysexshop.com\/bienvenido\/wp-json\/wp\/v2\/product_brand?post=4815"},{"taxonomy":"product_cat","embeddable":true,"href":"https:\/\/lilysexshop.com\/bienvenido\/wp-json\/wp\/v2\/product_cat?post=4815"},{"taxonomy":"product_tag","embeddable":true,"href":"https:\/\/lilysexshop.com\/bienvenido\/wp-json\/wp\/v2\/product_tag?post=4815"}],"curies":[{"name":"wp","href":"https:\/\/api.w.org\/{rel}","templated":true}]}}