{"id":4812,"date":"2024-12-19T16:18:09","date_gmt":"2024-12-19T22:18:09","guid":{"rendered":"https:\/\/lilysexshop.com\/inicio\/tienda\/lubricante-anal-silicona-%f0%9f%92%a7\/"},"modified":"2026-04-27T22:02:20","modified_gmt":"2026-04-28T04:02:20","slug":"lubricante-anal-silicona-%f0%9f%92%a7","status":"publish","type":"product","link":"https:\/\/lilysexshop.com\/bienvenido\/tienda\/lubricante-anal-silicona-%f0%9f%92%a7\/","title":{"rendered":"LUBRICANTE ANAL SILICONA \ud83d\udca7"},"content":{"rendered":"<p>lubricante anal silic\u00f3n es un lubricante reforzado con lidoca\u00edna contiene 30 ML sus ingredientes son silicona cm5 silicona c-dml coma y lidoca\u00edna.<\/p>\n<p><strong>aplique anal silicon en el \u00e1rea deseada antes del acto sexual aplique seg\u00fan sea necesario. <\/strong><\/p>\n<p><strong>precauciones No se deje al alcance de los ni\u00f1os conservar su envase original mant\u00e9ngase en un lugar fresco y seco prot\u00e9jase de la luz solar.<\/strong><\/p>\n","protected":false},"excerpt":{"rendered":"<p>lubricante anal silic\u00f3n es un lubricante reforzado con lidoca\u00edna contiene 30 ML sus ingredientes son silicona cm5 silicona c-dml coma y lidoca\u00edna. aplique anal silicon en el \u00e1rea deseada antes del acto sexual aplique seg\u00fan sea necesario. precauciones No se deje al alcance de los ni\u00f1os conservar su envase original mant\u00e9ngase en un lugar fresco [&hellip;]<\/p>\n","protected":false},"featured_media":4811,"comment_status":"open","ping_status":"closed","template":"","meta":[],"product_brand":[],"product_cat":[16,24],"product_tag":[],"class_list":{"0":"post-4812","1":"product","2":"type-product","3":"status-publish","4":"has-post-thumbnail","6":"product_cat-cremas-lubricantes-y-geles","7":"product_cat-plugs-y-juguetes-anales","9":"first","10":"instock","11":"shipping-taxable","12":"purchasable","13":"product-type-simple"},"jetpack_sharing_enabled":true,"_links":{"self":[{"href":"https:\/\/lilysexshop.com\/bienvenido\/wp-json\/wp\/v2\/product\/4812","targetHints":{"allow":["GET"]}}],"collection":[{"href":"https:\/\/lilysexshop.com\/bienvenido\/wp-json\/wp\/v2\/product"}],"about":[{"href":"https:\/\/lilysexshop.com\/bienvenido\/wp-json\/wp\/v2\/types\/product"}],"replies":[{"embeddable":true,"href":"https:\/\/lilysexshop.com\/bienvenido\/wp-json\/wp\/v2\/comments?post=4812"}],"wp:featuredmedia":[{"embeddable":true,"href":"https:\/\/lilysexshop.com\/bienvenido\/wp-json\/wp\/v2\/media\/4811"}],"wp:attachment":[{"href":"https:\/\/lilysexshop.com\/bienvenido\/wp-json\/wp\/v2\/media?parent=4812"}],"wp:term":[{"taxonomy":"product_brand","embeddable":true,"href":"https:\/\/lilysexshop.com\/bienvenido\/wp-json\/wp\/v2\/product_brand?post=4812"},{"taxonomy":"product_cat","embeddable":true,"href":"https:\/\/lilysexshop.com\/bienvenido\/wp-json\/wp\/v2\/product_cat?post=4812"},{"taxonomy":"product_tag","embeddable":true,"href":"https:\/\/lilysexshop.com\/bienvenido\/wp-json\/wp\/v2\/product_tag?post=4812"}],"curies":[{"name":"wp","href":"https:\/\/api.w.org\/{rel}","templated":true}]}}