{"id":4493,"date":"2024-03-06T16:14:11","date_gmt":"2024-03-06T22:14:11","guid":{"rendered":"https:\/\/lilysexshop.com\/inicio\/tienda\/lubricante-termico-2\/"},"modified":"2026-04-27T21:57:19","modified_gmt":"2026-04-28T03:57:19","slug":"lubricante-termico-2","status":"publish","type":"product","link":"https:\/\/lilysexshop.com\/bienvenido\/tienda\/lubricante-termico-2\/","title":{"rendered":"LUBRICANTE T\u00c9RMICO"},"content":{"rendered":"<p>Aumenta la temperatura!<\/p>\n<p>Lub Tout Temps es una l\u00ednea de lubricantes fabricados en M\u00e9xico, con la popular sensaci\u00f3n t\u00e9rmica. Facilita la penetraci\u00f3n mientras el efecto caliente aumenta la sensibilidad en tu zona intima.<br \/>\nAplica en partes sensibles de tu cuerpo como pezones, test\u00edculos, cuello etc. Sopla para crear cosquilleo. Se limpia f\u00e1cil sin dejar residuos ni manchas.<\/p>\n<p>Ingredientes: Agua, Glicerina y Metilparabeno<br \/>\nEfecto: Caliente<br \/>\nContenido: 30ml<\/p>\n","protected":false},"excerpt":{"rendered":"<p>Aumenta la temperatura! Lub Tout Temps es una l\u00ednea de lubricantes fabricados en M\u00e9xico, con la popular sensaci\u00f3n t\u00e9rmica. Facilita la penetraci\u00f3n mientras el efecto caliente aumenta la sensibilidad en tu zona intima. Aplica en partes sensibles de tu cuerpo como pezones, test\u00edculos, cuello etc. Sopla para crear cosquilleo. Se limpia f\u00e1cil sin dejar residuos [&hellip;]<\/p>\n","protected":false},"featured_media":5430,"comment_status":"open","ping_status":"closed","template":"","meta":[],"product_brand":[],"product_cat":[16],"product_tag":[],"class_list":{"0":"post-4493","1":"product","2":"type-product","3":"status-publish","4":"has-post-thumbnail","6":"product_cat-cremas-lubricantes-y-geles","8":"first","9":"instock","10":"shipping-taxable","11":"purchasable","12":"product-type-simple"},"jetpack_sharing_enabled":true,"_links":{"self":[{"href":"https:\/\/lilysexshop.com\/bienvenido\/wp-json\/wp\/v2\/product\/4493","targetHints":{"allow":["GET"]}}],"collection":[{"href":"https:\/\/lilysexshop.com\/bienvenido\/wp-json\/wp\/v2\/product"}],"about":[{"href":"https:\/\/lilysexshop.com\/bienvenido\/wp-json\/wp\/v2\/types\/product"}],"replies":[{"embeddable":true,"href":"https:\/\/lilysexshop.com\/bienvenido\/wp-json\/wp\/v2\/comments?post=4493"}],"wp:featuredmedia":[{"embeddable":true,"href":"https:\/\/lilysexshop.com\/bienvenido\/wp-json\/wp\/v2\/media\/5430"}],"wp:attachment":[{"href":"https:\/\/lilysexshop.com\/bienvenido\/wp-json\/wp\/v2\/media?parent=4493"}],"wp:term":[{"taxonomy":"product_brand","embeddable":true,"href":"https:\/\/lilysexshop.com\/bienvenido\/wp-json\/wp\/v2\/product_brand?post=4493"},{"taxonomy":"product_cat","embeddable":true,"href":"https:\/\/lilysexshop.com\/bienvenido\/wp-json\/wp\/v2\/product_cat?post=4493"},{"taxonomy":"product_tag","embeddable":true,"href":"https:\/\/lilysexshop.com\/bienvenido\/wp-json\/wp\/v2\/product_tag?post=4493"}],"curies":[{"name":"wp","href":"https:\/\/api.w.org\/{rel}","templated":true}]}}