{"id":4457,"date":"2024-03-04T15:25:57","date_gmt":"2024-03-04T21:25:57","guid":{"rendered":"https:\/\/lilysexshop.com\/inicio\/tienda\/poppers\/"},"modified":"2026-04-28T17:09:41","modified_gmt":"2026-04-28T23:09:41","slug":"poppers","status":"publish","type":"product","link":"https:\/\/lilysexshop.com\/bienvenido\/tienda\/poppers\/","title":{"rendered":"SUPER RUSH POPPERS"},"content":{"rendered":"<p>Los poppers se incluyen en el grupo de los inhalantes. Est\u00e1n compuestos en su mayor\u00eda por nitritos de amilo, butilo o isobutilo. Son l\u00edquidos incoloros e inodoros que se venden en peque\u00f1os botes de cristal para inhalar.<\/p>\n<p>ventaa \u00fanicamente localmente si lo quieres por env\u00edo bajo tu responsabilidad ser\u00eda ya que en dado caso de que la paqueter\u00eda escane\u00e9 el producto y retenga el paquete lily Sex shop no se har\u00eda responsable.<\/p>\n<p>Algunos de los usos de \u201cpoppers\u201d son como sustancias psicoactivas y\/o estimulantes sexuales. Estos productos producen estado de euforia y de no represi\u00f3n, lo que podr\u00eda incrementar las pr\u00e1cticas sexuales.<\/p>\n<p>favor de mandar mensaje para saber qu\u00e9 colores hay disponibles. WhatsApp 618 222 6579<\/p>\n","protected":false},"excerpt":{"rendered":"<p>Los poppers se incluyen en el grupo de los inhalantes. Est\u00e1n compuestos en su mayor\u00eda por nitritos de amilo, butilo o isobutilo. Son l\u00edquidos incoloros e inodoros que se venden en peque\u00f1os botes de cristal para inhalar. ventaa \u00fanicamente localmente si lo quieres por env\u00edo bajo tu responsabilidad ser\u00eda ya que en dado caso de [&hellip;]<\/p>\n","protected":false},"featured_media":4456,"comment_status":"open","ping_status":"closed","template":"","meta":[],"product_brand":[],"product_cat":[22],"product_tag":[],"class_list":{"0":"post-4457","1":"product","2":"type-product","3":"status-publish","4":"has-post-thumbnail","6":"product_cat-afrodisiacos","8":"first","9":"instock","10":"shipping-taxable","11":"purchasable","12":"product-type-simple"},"jetpack_sharing_enabled":true,"_links":{"self":[{"href":"https:\/\/lilysexshop.com\/bienvenido\/wp-json\/wp\/v2\/product\/4457","targetHints":{"allow":["GET"]}}],"collection":[{"href":"https:\/\/lilysexshop.com\/bienvenido\/wp-json\/wp\/v2\/product"}],"about":[{"href":"https:\/\/lilysexshop.com\/bienvenido\/wp-json\/wp\/v2\/types\/product"}],"replies":[{"embeddable":true,"href":"https:\/\/lilysexshop.com\/bienvenido\/wp-json\/wp\/v2\/comments?post=4457"}],"wp:featuredmedia":[{"embeddable":true,"href":"https:\/\/lilysexshop.com\/bienvenido\/wp-json\/wp\/v2\/media\/4456"}],"wp:attachment":[{"href":"https:\/\/lilysexshop.com\/bienvenido\/wp-json\/wp\/v2\/media?parent=4457"}],"wp:term":[{"taxonomy":"product_brand","embeddable":true,"href":"https:\/\/lilysexshop.com\/bienvenido\/wp-json\/wp\/v2\/product_brand?post=4457"},{"taxonomy":"product_cat","embeddable":true,"href":"https:\/\/lilysexshop.com\/bienvenido\/wp-json\/wp\/v2\/product_cat?post=4457"},{"taxonomy":"product_tag","embeddable":true,"href":"https:\/\/lilysexshop.com\/bienvenido\/wp-json\/wp\/v2\/product_tag?post=4457"}],"curies":[{"name":"wp","href":"https:\/\/api.w.org\/{rel}","templated":true}]}}