{"id":4440,"date":"2024-02-20T13:56:54","date_gmt":"2024-02-20T19:56:54","guid":{"rendered":"https:\/\/lilysexshop.com\/inicio\/tienda\/esposas-fetish-fantasy\/"},"modified":"2024-07-22T15:24:42","modified_gmt":"2024-07-22T21:24:42","slug":"esposas-fetish-fantasy","status":"publish","type":"product","link":"https:\/\/lilysexshop.com\/bienvenido\/tienda\/esposas-fetish-fantasy\/","title":{"rendered":"Esposas FETISH FANTASY"},"content":{"rendered":"<p>FETISH FANTASY SERIES principiantes Pu\u00f1os de metal de uso de siempre ha sido un estimulador sexual, y con estos principiante de retenci\u00f3n de metal, pu\u00f1os fantas\u00eda se hace realidad. Estos pu\u00f1os de metal son perfectas para principiantes y lo suficientemente fuertes como para cualquier nivel de usuario. El mecanismo de bloqueo tiene un bot\u00f3n de liberaci\u00f3n r\u00e1pida en caso de que pierda la llave, y su dise\u00f1o robusto asegura que est\u00e1n hechos para jugar duro.2 llaves de liberaci\u00f3n incluidos.<\/p>\n<p>ColorMet\u00e1lico<br \/>\nMaterialMetal<br \/>\nMarcaPipedream Products<br \/>\nDimensiones del art\u00edculo Largo x ancho x alto25 x 25 x 25 millimeters<br \/>\nEsposas met\u00e1licas<br \/>\nCompletamente ajustables<br \/>\nNo lastiman<br \/>\nIncluye un par de llaves<\/p>\n","protected":false},"excerpt":{"rendered":"<p>FETISH FANTASY SERIES principiantes Pu\u00f1os de metal de uso de siempre ha sido un estimulador sexual, y con estos principiante de retenci\u00f3n de metal, pu\u00f1os fantas\u00eda se hace realidad. Estos pu\u00f1os de metal son perfectas para principiantes y lo suficientemente fuertes como para cualquier nivel de usuario. El mecanismo de bloqueo tiene un bot\u00f3n de [&hellip;]<\/p>\n","protected":false},"featured_media":4439,"comment_status":"open","ping_status":"closed","template":"","meta":[],"product_brand":[],"product_cat":[25],"product_tag":[],"class_list":{"0":"post-4440","1":"product","2":"type-product","3":"status-publish","4":"has-post-thumbnail","6":"product_cat-bondage","8":"first","9":"instock","10":"shipping-taxable","11":"purchasable","12":"product-type-simple"},"jetpack_sharing_enabled":true,"_links":{"self":[{"href":"https:\/\/lilysexshop.com\/bienvenido\/wp-json\/wp\/v2\/product\/4440","targetHints":{"allow":["GET"]}}],"collection":[{"href":"https:\/\/lilysexshop.com\/bienvenido\/wp-json\/wp\/v2\/product"}],"about":[{"href":"https:\/\/lilysexshop.com\/bienvenido\/wp-json\/wp\/v2\/types\/product"}],"replies":[{"embeddable":true,"href":"https:\/\/lilysexshop.com\/bienvenido\/wp-json\/wp\/v2\/comments?post=4440"}],"wp:featuredmedia":[{"embeddable":true,"href":"https:\/\/lilysexshop.com\/bienvenido\/wp-json\/wp\/v2\/media\/4439"}],"wp:attachment":[{"href":"https:\/\/lilysexshop.com\/bienvenido\/wp-json\/wp\/v2\/media?parent=4440"}],"wp:term":[{"taxonomy":"product_brand","embeddable":true,"href":"https:\/\/lilysexshop.com\/bienvenido\/wp-json\/wp\/v2\/product_brand?post=4440"},{"taxonomy":"product_cat","embeddable":true,"href":"https:\/\/lilysexshop.com\/bienvenido\/wp-json\/wp\/v2\/product_cat?post=4440"},{"taxonomy":"product_tag","embeddable":true,"href":"https:\/\/lilysexshop.com\/bienvenido\/wp-json\/wp\/v2\/product_tag?post=4440"}],"curies":[{"name":"wp","href":"https:\/\/api.w.org\/{rel}","templated":true}]}}