{"id":4380,"date":"2024-01-31T15:21:36","date_gmt":"2024-01-31T21:21:36","guid":{"rendered":"https:\/\/lilysexshop.com\/inicio\/tienda\/arnes-para-dildo\/"},"modified":"2026-03-20T19:15:02","modified_gmt":"2026-03-21T01:15:02","slug":"arnes-para-dildo","status":"publish","type":"product","link":"https:\/\/lilysexshop.com\/bienvenido\/tienda\/arnes-para-dildo\/","title":{"rendered":"Arn\u00e9s para dildo"},"content":{"rendered":"<p>Arn\u00e9s para dildo.<\/p>\n<p>Arn\u00e9s doble, dise\u00f1ado para usar con la mayor\u00eda de dildos con copa de succi\u00f3n.<\/p>\n<p>Su cintur\u00f3n de tela permite adaptarse hasta mas de los 70 cm. Tipo tanga, pasa por en medio de los gl\u00fateos. Puedes usar un dildo o mas al mismo tiempo.<\/p>\n<p>\u2022 26 de largo<br \/>\n\u2022 5 cm de circunferencia del anillo mas grande<br \/>\n\u2022 4 cm de circunferencia del anillo chico<br \/>\n\u2022 Color: negro<br \/>\n\u2022 Ajustable<br \/>\n\u2022 Materiales: Piel sint\u00e9tica<br \/>\n\u2022 No incluye dildos<\/p>\n","protected":false},"excerpt":{"rendered":"<p>Arn\u00e9s para dildo. Arn\u00e9s doble, dise\u00f1ado para usar con la mayor\u00eda de dildos con copa de succi\u00f3n. Su cintur\u00f3n de tela permite adaptarse hasta mas de los 70 cm. Tipo tanga, pasa por en medio de los gl\u00fateos. Puedes usar un dildo o mas al mismo tiempo. \u2022 26 de largo \u2022 5 cm de [&hellip;]<\/p>\n","protected":false},"featured_media":4378,"comment_status":"open","ping_status":"closed","template":"","meta":[],"product_brand":[],"product_cat":[25],"product_tag":[],"class_list":{"0":"post-4380","1":"product","2":"type-product","3":"status-publish","4":"has-post-thumbnail","6":"product_cat-bondage","8":"first","9":"instock","10":"shipping-taxable","11":"purchasable","12":"product-type-simple"},"jetpack_sharing_enabled":true,"_links":{"self":[{"href":"https:\/\/lilysexshop.com\/bienvenido\/wp-json\/wp\/v2\/product\/4380","targetHints":{"allow":["GET"]}}],"collection":[{"href":"https:\/\/lilysexshop.com\/bienvenido\/wp-json\/wp\/v2\/product"}],"about":[{"href":"https:\/\/lilysexshop.com\/bienvenido\/wp-json\/wp\/v2\/types\/product"}],"replies":[{"embeddable":true,"href":"https:\/\/lilysexshop.com\/bienvenido\/wp-json\/wp\/v2\/comments?post=4380"}],"wp:featuredmedia":[{"embeddable":true,"href":"https:\/\/lilysexshop.com\/bienvenido\/wp-json\/wp\/v2\/media\/4378"}],"wp:attachment":[{"href":"https:\/\/lilysexshop.com\/bienvenido\/wp-json\/wp\/v2\/media?parent=4380"}],"wp:term":[{"taxonomy":"product_brand","embeddable":true,"href":"https:\/\/lilysexshop.com\/bienvenido\/wp-json\/wp\/v2\/product_brand?post=4380"},{"taxonomy":"product_cat","embeddable":true,"href":"https:\/\/lilysexshop.com\/bienvenido\/wp-json\/wp\/v2\/product_cat?post=4380"},{"taxonomy":"product_tag","embeddable":true,"href":"https:\/\/lilysexshop.com\/bienvenido\/wp-json\/wp\/v2\/product_tag?post=4380"}],"curies":[{"name":"wp","href":"https:\/\/api.w.org\/{rel}","templated":true}]}}