{"id":4233,"date":"2023-12-18T16:36:55","date_gmt":"2023-12-18T22:36:55","guid":{"rendered":"https:\/\/lilysexshop.com\/inicio\/tienda\/consolador-pleasusaurio\/"},"modified":"2024-12-19T15:41:31","modified_gmt":"2024-12-19T21:41:31","slug":"consolador-pleasusaurio","status":"publish","type":"product","link":"https:\/\/lilysexshop.com\/bienvenido\/tienda\/consolador-pleasusaurio\/","title":{"rendered":"CONSOLADOR PLEASUSAURIO"},"content":{"rendered":"<p>27 cm de largo<\/p>\n<p>libre de ftalatos<\/p>\n<p>producto seguro<\/p>\n<p>hecho en M\u00e9xico<\/p>\n<p>27 cm de largo 21 cm penetrable 7 cm de ancho<\/p>\n<p>l\u00e1vese con agua y jab\u00f3n neutro antes y despu\u00e9s de su uso<\/p>\n","protected":false},"excerpt":{"rendered":"<p>27 cm de largo libre de ftalatos producto seguro hecho en M\u00e9xico 27 cm de largo 21 cm penetrable 7 cm de ancho l\u00e1vese con agua y jab\u00f3n neutro antes y despu\u00e9s de su uso<\/p>\n","protected":false},"featured_media":4230,"comment_status":"open","ping_status":"closed","template":"","meta":[],"product_brand":[],"product_cat":[21,18,24],"product_tag":[],"class_list":{"0":"post-4233","1":"product","2":"type-product","3":"status-publish","4":"has-post-thumbnail","6":"product_cat-dildos","7":"product_cat-juguetes-sexuales","8":"product_cat-plugs-y-juguetes-anales","10":"first","11":"instock","12":"shipping-taxable","13":"purchasable","14":"product-type-simple"},"jetpack_sharing_enabled":true,"_links":{"self":[{"href":"https:\/\/lilysexshop.com\/bienvenido\/wp-json\/wp\/v2\/product\/4233","targetHints":{"allow":["GET"]}}],"collection":[{"href":"https:\/\/lilysexshop.com\/bienvenido\/wp-json\/wp\/v2\/product"}],"about":[{"href":"https:\/\/lilysexshop.com\/bienvenido\/wp-json\/wp\/v2\/types\/product"}],"replies":[{"embeddable":true,"href":"https:\/\/lilysexshop.com\/bienvenido\/wp-json\/wp\/v2\/comments?post=4233"}],"wp:featuredmedia":[{"embeddable":true,"href":"https:\/\/lilysexshop.com\/bienvenido\/wp-json\/wp\/v2\/media\/4230"}],"wp:attachment":[{"href":"https:\/\/lilysexshop.com\/bienvenido\/wp-json\/wp\/v2\/media?parent=4233"}],"wp:term":[{"taxonomy":"product_brand","embeddable":true,"href":"https:\/\/lilysexshop.com\/bienvenido\/wp-json\/wp\/v2\/product_brand?post=4233"},{"taxonomy":"product_cat","embeddable":true,"href":"https:\/\/lilysexshop.com\/bienvenido\/wp-json\/wp\/v2\/product_cat?post=4233"},{"taxonomy":"product_tag","embeddable":true,"href":"https:\/\/lilysexshop.com\/bienvenido\/wp-json\/wp\/v2\/product_tag?post=4233"}],"curies":[{"name":"wp","href":"https:\/\/api.w.org\/{rel}","templated":true}]}}