{"id":4186,"date":"2023-12-11T17:25:56","date_gmt":"2023-12-11T23:25:56","guid":{"rendered":"https:\/\/lilysexshop.com\/inicio\/tienda\/rihino-shot\/"},"modified":"2026-04-27T21:53:23","modified_gmt":"2026-04-28T03:53:23","slug":"rihino-shot","status":"publish","type":"product","link":"https:\/\/lilysexshop.com\/bienvenido\/tienda\/rihino-shot\/","title":{"rendered":"RIHINO SHOT"},"content":{"rendered":"<p>Rihino para que rindas hasta por 14 d\u00edas ya que en un solo shot contiene dos dosis entonces tomar\u00e1s la primera mitad y esperar\u00e1s 7 d\u00edas y la segunda mitad la podr\u00e1s tomar despu\u00e9s de la semana transcurridaya que es muy potente y muy fuerte.<\/p>\n<p>Rhino es un suplemento de mejora masculina. Es el tipo de bebida de acci\u00f3n r\u00e1pida que todo el mundo quiere, algo que puede sustituir al Viagra y otras pastillas recetadas. Lograr\u00e1s una gran erecci\u00f3n, rendir\u00e1s mejor que nunca, durar\u00e1s m\u00e1s de lo que cre\u00edas posible y, al final, alcanzar\u00e1s un orgasmo explosivo.<\/p>\n<p>Mayor tama\u00f1o y circunferencia<\/p>\n<p>Sin dolor de cabeza<\/p>\n<p>F\u00f3rmula herbaria totalmente natural<\/p>\n<p>De larga duraci\u00f3n<\/p>\n<p>Maximiza el tiempo de las relaciones sexuales.<\/p>\n<p>Libre de eyaculaci\u00f3n precoz.<\/p>\n<p>Maximizar el volumen de eyaculaci\u00f3n.<\/p>\n<p>Incre\u00edble aumento de espesor.<\/p>\n<p>Experimenta una erecci\u00f3n dura como una roca!<\/p>\n<p>Maximizar la confianza sexual<\/p>\n<p>No se necesita receta.<\/p>\n","protected":false},"excerpt":{"rendered":"<p>Rihino para que rindas hasta por 14 d\u00edas ya que en un solo shot contiene dos dosis entonces tomar\u00e1s la primera mitad y esperar\u00e1s 7 d\u00edas y la segunda mitad la podr\u00e1s tomar despu\u00e9s de la semana transcurridaya que es muy potente y muy fuerte. Rhino es un suplemento de mejora masculina. Es el tipo [&hellip;]<\/p>\n","protected":false},"featured_media":4185,"comment_status":"open","ping_status":"closed","template":"","meta":[],"product_brand":[],"product_cat":[22],"product_tag":[],"class_list":{"0":"post-4186","1":"product","2":"type-product","3":"status-publish","4":"has-post-thumbnail","6":"product_cat-afrodisiacos","8":"first","9":"instock","10":"shipping-taxable","11":"purchasable","12":"product-type-simple"},"jetpack_sharing_enabled":true,"_links":{"self":[{"href":"https:\/\/lilysexshop.com\/bienvenido\/wp-json\/wp\/v2\/product\/4186","targetHints":{"allow":["GET"]}}],"collection":[{"href":"https:\/\/lilysexshop.com\/bienvenido\/wp-json\/wp\/v2\/product"}],"about":[{"href":"https:\/\/lilysexshop.com\/bienvenido\/wp-json\/wp\/v2\/types\/product"}],"replies":[{"embeddable":true,"href":"https:\/\/lilysexshop.com\/bienvenido\/wp-json\/wp\/v2\/comments?post=4186"}],"wp:featuredmedia":[{"embeddable":true,"href":"https:\/\/lilysexshop.com\/bienvenido\/wp-json\/wp\/v2\/media\/4185"}],"wp:attachment":[{"href":"https:\/\/lilysexshop.com\/bienvenido\/wp-json\/wp\/v2\/media?parent=4186"}],"wp:term":[{"taxonomy":"product_brand","embeddable":true,"href":"https:\/\/lilysexshop.com\/bienvenido\/wp-json\/wp\/v2\/product_brand?post=4186"},{"taxonomy":"product_cat","embeddable":true,"href":"https:\/\/lilysexshop.com\/bienvenido\/wp-json\/wp\/v2\/product_cat?post=4186"},{"taxonomy":"product_tag","embeddable":true,"href":"https:\/\/lilysexshop.com\/bienvenido\/wp-json\/wp\/v2\/product_tag?post=4186"}],"curies":[{"name":"wp","href":"https:\/\/api.w.org\/{rel}","templated":true}]}}