{"id":3986,"date":"2023-09-06T10:47:11","date_gmt":"2023-09-06T16:47:11","guid":{"rendered":"https:\/\/lilysexshop.com\/inicio\/tienda\/anillo-prometeo\/"},"modified":"2025-06-03T20:09:50","modified_gmt":"2025-06-04T02:09:50","slug":"anillo-prometeo","status":"publish","type":"product","link":"https:\/\/lilysexshop.com\/bienvenido\/tienda\/anillo-prometeo\/","title":{"rendered":"ANILLO PROMETEO"},"content":{"rendered":"<p>Potente pero silencioso: el masajeador personal pasar\u00e1 por 8 potentes velocidades y 10 modos de vibraci\u00f3n, lo que le permitir\u00e1 disfrutar de una relajaci\u00f3n ultra profunda en cualquier momento. Al mismo tiempo, su cabezal de masaje sin costuras con almohadilla para m\u00e1quina y cuello flexible le brindar\u00e1 una experiencia maravillosa.<\/p>\n<p>-Tama\u00f1o: 3,5*6,5 cm.<br \/>\n-Material: ABS\/pl\u00e1stico<br \/>\n&#8211; Color rosa.<br \/>\n&#8211; Cantidad: anillo vibrador * 1<br \/>\n-Cable de carga USB * 1<br \/>\n-Manual de instrucciones * 1<\/p>\n","protected":false},"excerpt":{"rendered":"<p>Potente pero silencioso: el masajeador personal pasar\u00e1 por 8 potentes velocidades y 10 modos de vibraci\u00f3n, lo que le permitir\u00e1 disfrutar de una relajaci\u00f3n ultra profunda en cualquier momento. Al mismo tiempo, su cabezal de masaje sin costuras con almohadilla para m\u00e1quina y cuello flexible le brindar\u00e1 una experiencia maravillosa. -Tama\u00f1o: 3,5*6,5 cm. -Material: ABS\/pl\u00e1stico [&hellip;]<\/p>\n","protected":false},"featured_media":3983,"comment_status":"open","ping_status":"closed","template":"","meta":[],"product_brand":[],"product_cat":[31,18,72],"product_tag":[],"class_list":{"0":"post-3986","1":"product","2":"type-product","3":"status-publish","4":"has-post-thumbnail","6":"product_cat-basicos","7":"product_cat-juguetes-sexuales","8":"product_cat-vibradores","10":"first","11":"instock","12":"shipping-taxable","13":"purchasable","14":"product-type-simple"},"jetpack_sharing_enabled":true,"_links":{"self":[{"href":"https:\/\/lilysexshop.com\/bienvenido\/wp-json\/wp\/v2\/product\/3986","targetHints":{"allow":["GET"]}}],"collection":[{"href":"https:\/\/lilysexshop.com\/bienvenido\/wp-json\/wp\/v2\/product"}],"about":[{"href":"https:\/\/lilysexshop.com\/bienvenido\/wp-json\/wp\/v2\/types\/product"}],"replies":[{"embeddable":true,"href":"https:\/\/lilysexshop.com\/bienvenido\/wp-json\/wp\/v2\/comments?post=3986"}],"wp:featuredmedia":[{"embeddable":true,"href":"https:\/\/lilysexshop.com\/bienvenido\/wp-json\/wp\/v2\/media\/3983"}],"wp:attachment":[{"href":"https:\/\/lilysexshop.com\/bienvenido\/wp-json\/wp\/v2\/media?parent=3986"}],"wp:term":[{"taxonomy":"product_brand","embeddable":true,"href":"https:\/\/lilysexshop.com\/bienvenido\/wp-json\/wp\/v2\/product_brand?post=3986"},{"taxonomy":"product_cat","embeddable":true,"href":"https:\/\/lilysexshop.com\/bienvenido\/wp-json\/wp\/v2\/product_cat?post=3986"},{"taxonomy":"product_tag","embeddable":true,"href":"https:\/\/lilysexshop.com\/bienvenido\/wp-json\/wp\/v2\/product_tag?post=3986"}],"curies":[{"name":"wp","href":"https:\/\/api.w.org\/{rel}","templated":true}]}}