{"id":3850,"date":"2023-06-07T06:40:30","date_gmt":"2023-06-07T12:40:30","guid":{"rendered":"https:\/\/lilysexshop.com\/inicio\/tienda\/feromonas-ellos\/"},"modified":"2026-04-27T21:52:07","modified_gmt":"2026-04-28T03:52:07","slug":"feromonas-ellos","status":"publish","type":"product","link":"https:\/\/lilysexshop.com\/bienvenido\/tienda\/feromonas-ellos\/","title":{"rendered":"FEROMONAS ELLOS."},"content":{"rendered":"<p>El perfume con feromonas mejora el atractivo sexual de quien se roc\u00eda con \u00e9l.<\/p>\n<p><strong>El efecto de las hormonas dura alrededor de 6 horas en la piel.<\/strong><\/p>\n<p><strong>la forma correcta de usar las feromonas es despu\u00e9s de el ba\u00f1o poner detr\u00e1s de las orejas en mu\u00f1ecas en pecho y si es posible en ingl\u00e9s b\u00e1sicamente d\u00f3nde tenemos los ganglios linf\u00e1ticos de esa forma se potenciar\u00e1 nuestro olor personal haciendo as\u00ed m\u00e1s potente la feromona.<\/strong><\/p>\n<p>cabe destacar que las hormonas no son varita m\u00e1gica sin embargo son una gran herramienta para despertar el inter\u00e9s del sexo opuesto.<\/p>\n<p>El t\u00e9rmino \u00abferomonas\u00bb fue definido en 1959 a partir de las ra\u00edces griegas: Pherein (transportar) y hormon (excitar). As\u00ed, las feromonas fueron definidas como: \u00absustancias secretadas por individuos y que recibidas por otros individuos de la misma especie, provocan una reacci\u00f3n especifica, un comportamiento o una modificaci\u00f3n biol\u00f3gica\u00bb.<\/p>\n","protected":false},"excerpt":{"rendered":"<p>El perfume con feromonas mejora el atractivo sexual de quien se roc\u00eda con \u00e9l. El efecto de las hormonas dura alrededor de 6 horas en la piel. la forma correcta de usar las feromonas es despu\u00e9s de el ba\u00f1o poner detr\u00e1s de las orejas en mu\u00f1ecas en pecho y si es posible en ingl\u00e9s b\u00e1sicamente [&hellip;]<\/p>\n","protected":false},"featured_media":3849,"comment_status":"open","ping_status":"closed","template":"","meta":[],"product_brand":[],"product_cat":[22,16],"product_tag":[],"class_list":{"0":"post-3850","1":"product","2":"type-product","3":"status-publish","4":"has-post-thumbnail","6":"product_cat-afrodisiacos","7":"product_cat-cremas-lubricantes-y-geles","9":"first","10":"instock","11":"shipping-taxable","12":"purchasable","13":"product-type-simple"},"jetpack_sharing_enabled":true,"_links":{"self":[{"href":"https:\/\/lilysexshop.com\/bienvenido\/wp-json\/wp\/v2\/product\/3850","targetHints":{"allow":["GET"]}}],"collection":[{"href":"https:\/\/lilysexshop.com\/bienvenido\/wp-json\/wp\/v2\/product"}],"about":[{"href":"https:\/\/lilysexshop.com\/bienvenido\/wp-json\/wp\/v2\/types\/product"}],"replies":[{"embeddable":true,"href":"https:\/\/lilysexshop.com\/bienvenido\/wp-json\/wp\/v2\/comments?post=3850"}],"wp:featuredmedia":[{"embeddable":true,"href":"https:\/\/lilysexshop.com\/bienvenido\/wp-json\/wp\/v2\/media\/3849"}],"wp:attachment":[{"href":"https:\/\/lilysexshop.com\/bienvenido\/wp-json\/wp\/v2\/media?parent=3850"}],"wp:term":[{"taxonomy":"product_brand","embeddable":true,"href":"https:\/\/lilysexshop.com\/bienvenido\/wp-json\/wp\/v2\/product_brand?post=3850"},{"taxonomy":"product_cat","embeddable":true,"href":"https:\/\/lilysexshop.com\/bienvenido\/wp-json\/wp\/v2\/product_cat?post=3850"},{"taxonomy":"product_tag","embeddable":true,"href":"https:\/\/lilysexshop.com\/bienvenido\/wp-json\/wp\/v2\/product_tag?post=3850"}],"curies":[{"name":"wp","href":"https:\/\/api.w.org\/{rel}","templated":true}]}}