{"id":3427,"date":"2023-01-09T12:33:07","date_gmt":"2023-01-09T18:33:07","guid":{"rendered":"https:\/\/lilysexshop.com\/inicio\/tienda\/proextender\/"},"modified":"2025-05-23T09:15:03","modified_gmt":"2025-05-23T15:15:03","slug":"proextender","status":"publish","type":"product","link":"https:\/\/lilysexshop.com\/bienvenido\/tienda\/proextender\/","title":{"rendered":"PROEXTENDER"},"content":{"rendered":"<p>PROEXTENDER<\/p>\n<p>ProExtender\u2122 es un dispositivo m\u00e9dico para la ampliaci\u00f3n del pene. El cual busca aumentar la longitud, as\u00ed como la circunferencia del pene de manera natural.<\/p>\n<p>Es el m\u00e1s completo y exitoso m\u00e9todo de agrandamiento de pene que est\u00e1 disponible en el mercado hoy en d\u00eda. Es efectivo y eficiente. Este es un producto que debe tener si usted no est\u00e1 satisfecho con el tama\u00f1o de su pene y su rendimiento sexual. Logra una mayor longitud, circunferencia, y el aumento de placer sexual 4-en-1. Sistema dise\u00f1ado para la suave, la tracci\u00f3n sin dolor. \u00a1Uno de los mejores dispositivos de la ampliaci\u00f3n del pene!<\/p>\n<p>Se abrocha alrededor de la base del pene y alrededor de las corona del glande (cabeza) y tiene un aparato totalmente ajustable en el medio. A medida que aumenta gradualmente la cantidad de tensi\u00f3n que se aplica a su pene, que poco a poco ganar un f\u00e1cil 4 a 7 cm en los primeros meses.<\/p>\n<p>Ventajas de ProExtender\u2122:<\/p>\n<p>Agranda el pene de 4 a 7 cm.<br \/>\nCorrige la curvatura (enfermedad de Peyronie).<br \/>\nEngrosa el pene de 2 a 4 cm.<br \/>\nNO causa dolor ni molestias.<br \/>\nMejora erecciones y penetraci\u00f3n.<br \/>\nResultados Visibles en 20 d\u00edas.<br \/>\n\u00danico M\u00e9todo comprobado cient\u00edficamente.<br \/>\nMayor excitaci\u00f3n visual, orgasmos mas intensos en su pareja.<br \/>\nEquipo de alta calidad de acero quir\u00fargico y pl\u00e1stico esteril.<br \/>\nBeneficios de ProExtender\u2122:<\/p>\n<p>Los resultados son permanentes. El aumento en la longitud del pene se mantiene incluso despu\u00e9s de dejar de usarlo.<br \/>\nFunciona de una manera natural que hace que sea 100% seguro de usar. Adem\u00e1s, no presenta efectos secundarios.<br \/>\nUsted puede disfrutar de un sexo m\u00e1s duradero.<br \/>\nLas erecciones ser\u00e1n por m\u00e1s tiempo con orgasmos explosivos. Esto significa una vida sexual m\u00e1s saludable.<br \/>\nUsted consigue una extensi\u00f3n de pene de forma natural en la comodidad en su hogar.<br \/>\nAlcanz\u00e1 el mejor orgasmo \u00a1Disfrutalo!<\/p>\n<p>Sobre el ProExtender\u2122:<\/p>\n<p>Disponible en s\u00ed mismo, a trav\u00e9s de lo \u00faltimo del sistema de alargamiento del pene , el ProExtender \u2122 est\u00e1 revolucionando la industria, mientras que acortar las listas de espera largas para la cirug\u00eda del pene en todo el mundo. Inventado por el pene Surgeon Jorn Ege Siana MD de Dinamarca en 1994, el Dr. Siana ha pasado la mayor parte de la \u00faltima d\u00e9cada, la realizaci\u00f3n de pruebas cl\u00ednicas y ha recibido amplio apoyo de la comunidad m\u00e9dica.<\/p>\n<p>ProExtender\u2122 es recomendado por los m\u00e9dicos en 29 pa\u00edses 60 hospitales p\u00fablicos y cl\u00ednicas privadas s\u00f3lo en Espa\u00f1a diez mil hombres han adquirido el producto por consejo de sus m\u00e9dicos.<\/p>\n<p>El ProExtender\u2122 est\u00e1 dise\u00f1ado para proporcionar la tracci\u00f3n no perjudicial y sin dolor suave al pene. El dispositivo abrocha alrededor de la base del pene y alrededor de la corona del glande (cabeza), y tiene un aparato de tracci\u00f3n totalmente ajustable en el medio. Cuando se aumenta gradualmente la fuerza longitudinal en el eje del pene, la reacci\u00f3n natural del cuerpo a esta fuerza es la multiplicaci\u00f3n de las c\u00e9lulas del tejido y la expansi\u00f3n gradual del tejido del pene. En otras palabras, el pene se a\u00f1ade poco a poco y, naturalmente, tejido para un pene m\u00e1s grande y m\u00e1s larga.<\/p>\n<p>El ProExtender\u2122 System es realmente la \u00faltima combinaci\u00f3n de alargamiento del pene. El ProExtender System \u2122 se compone de productos de Nutrac\u00e9uticos Albion y Dana M\u00e9dico de lo que est\u00e1 recibiendo la m\u00e1xima calidad de dispositivo de alargamiento m\u00e9dica y los suplementos de la m\u00e1s alta calidad de la Male Enhancement Suplemento m\u00e1s confiable proveedor. Hay empresas que le ofrecen los dispositivos de imitaci\u00f3n inferiores y sin nombre suplementos marcas de baja calidad. Con ProExtender \u2122 se obtiene nada m\u00e1s que probada, la parte superior de la l\u00ednea de productos.<\/p>\n<p>ProExtender\u2122 ha sido desarrollado por un m\u00e9dico Jorn Ege Siana , que se especializa en el alargamiento del pene. Despu\u00e9s de una extensa investigaci\u00f3n que se le ocurri\u00f3 el primer prototipo del dispositivo extensor en 1994. Desde entonces, el producto ha sido objeto de diversos estudios cl\u00ednicos y ha ganado la confianza de miles de m\u00e9dicos en todo el mundo. Cl\u00ednicas de todo el mundo utilizan nuestro producto como una alternativa segura a la cirug\u00eda del pene. Usted puede dejar de so\u00f1ar con tener un pene m\u00e1s grande y finalmente alcanzar los resultados.<\/p>\n<p>\u00bfC\u00f3mo Funciona ProExtender?<br \/>\nEste m\u00e9todo se basa en el principio m\u00e9dico de la tracci\u00f3n, que efectuada de forma gradual y progresiva sobre el pene logra un crecimiento de los tejidos del mismo, tanto del ligamento suspensorio como de los cuerpos cavernosos<\/p>\n<p>como del resto de tejidos. El principio de la tracci\u00f3n se aplica en la expansi\u00f3n tisular en cirug\u00eda pl\u00e1stica, la cual genera piel para cubrir defectos cut\u00e1neos, quemaduras o zonas de calvicie. Tambi\u00e9n se aplica en la distracci\u00f3n \u00f3sea para el alargamiento de di\u00e1fisis \u00f3seas de miembros y falanges. En culturas ancestrales este principio se utiliza para conseguir elongar diferentes partes del cuerpo, como el cuello en la tribu paduang de Birmania (las mujeres-jirafa), o como los labios u orejas en tribus africanas o amaz\u00f3nicas, que se colocan pr\u00f3tesis o pesos para alargarlos.<\/p>\n<p>Hay varios tipos de extensores, aunque la mayor\u00eda est\u00e1n compuestos de un anillo de pl\u00e1stico conectado a dos varillas met\u00e1licas y din\u00e1micas en las que se encaja un soporte de pl\u00e1stico con una goma de silicona para sujetar el glande. Usted mismo puede ponerlo o quitarlo, y se puede llegar de forma discreta debajo de la ropa, caminando o incluso sentado.<\/p>\n<p>El aparato se coloca cuando el pene est\u00e1 en flaccidez, y se llevar\u00e1 puesto entre 4 y 9 horas al d\u00eda, haciendo descansos cuando desee. Se consigue un crecimiento de medio cent\u00edmetro al mes, siendo estos acumulativos. Debe llevarlo durante 4 a 6 meses, seg\u00fan el crecimiento que desee. Una vez finalizado el tratamiento los cent\u00edmetros conseguidos ser\u00e1n reales.<\/p>\n","protected":false},"excerpt":{"rendered":"<p>PROEXTENDER SYSTEM<\/p>\n<p>ProExtender\u2122 es un dispositivo m\u00e9dico para la ampliaci\u00f3n del pene. El cual busca aumentar la longitud, as\u00ed como la circunferencia del pene de manera natural.<\/p>\n","protected":false},"featured_media":3423,"comment_status":"open","ping_status":"closed","template":"","meta":[],"product_brand":[],"product_cat":[26,68,20],"product_tag":[],"class_list":{"0":"post-3427","1":"product","2":"type-product","3":"status-publish","4":"has-post-thumbnail","6":"product_cat-juguetes-para-hombres","7":"product_cat-ofertas","8":"product_cat-tratamientos-para-aumentar-el-tamano-de-el-pene","10":"first","11":"instock","12":"shipping-taxable","13":"purchasable","14":"product-type-simple"},"jetpack_sharing_enabled":true,"_links":{"self":[{"href":"https:\/\/lilysexshop.com\/bienvenido\/wp-json\/wp\/v2\/product\/3427","targetHints":{"allow":["GET"]}}],"collection":[{"href":"https:\/\/lilysexshop.com\/bienvenido\/wp-json\/wp\/v2\/product"}],"about":[{"href":"https:\/\/lilysexshop.com\/bienvenido\/wp-json\/wp\/v2\/types\/product"}],"replies":[{"embeddable":true,"href":"https:\/\/lilysexshop.com\/bienvenido\/wp-json\/wp\/v2\/comments?post=3427"}],"wp:featuredmedia":[{"embeddable":true,"href":"https:\/\/lilysexshop.com\/bienvenido\/wp-json\/wp\/v2\/media\/3423"}],"wp:attachment":[{"href":"https:\/\/lilysexshop.com\/bienvenido\/wp-json\/wp\/v2\/media?parent=3427"}],"wp:term":[{"taxonomy":"product_brand","embeddable":true,"href":"https:\/\/lilysexshop.com\/bienvenido\/wp-json\/wp\/v2\/product_brand?post=3427"},{"taxonomy":"product_cat","embeddable":true,"href":"https:\/\/lilysexshop.com\/bienvenido\/wp-json\/wp\/v2\/product_cat?post=3427"},{"taxonomy":"product_tag","embeddable":true,"href":"https:\/\/lilysexshop.com\/bienvenido\/wp-json\/wp\/v2\/product_tag?post=3427"}],"curies":[{"name":"wp","href":"https:\/\/api.w.org\/{rel}","templated":true}]}}