{"id":3265,"date":"2022-11-02T16:34:12","date_gmt":"2022-11-02T22:34:12","guid":{"rendered":"https:\/\/lilysexshop.com\/tienda\/plug-anal-chico\/"},"modified":"2026-04-27T21:49:21","modified_gmt":"2026-04-28T03:49:21","slug":"plug-anal-chico","status":"publish","type":"product","link":"https:\/\/lilysexshop.com\/bienvenido\/tienda\/plug-anal-chico\/","title":{"rendered":"PLUG ANAL CHICO"},"content":{"rendered":"<p>Un plug anal es un juguete sexual que puede descubirte nuevas formas de estimulaci\u00f3n y por supuesto que tambi\u00e9n facilita el sexo anal.<\/p>\n<p><strong>dilatador anal el color puede variar en tama\u00f1o chico las medidas las puedes apreciar en las im\u00e1genes recuerda que nuestros env\u00edos son s\u00faper discretos an\u00edmate a hacer realidad tus fantas\u00edas sexu<\/strong>ales<\/p>\n<p><strong>pregunta por los colores disponibles \ud83d\ude03 <\/strong><\/p>\n<p><strong>WhatsApp 6182226579<\/strong><\/p>\n","protected":false},"excerpt":{"rendered":"<p>Un plug anal es un juguete sexual que puede descubirte nuevas formas de estimulaci\u00f3n y por supuesto que tambi\u00e9n facilita el sexo anal. dilatador anal el color puede variar en tama\u00f1o chico las medidas las puedes apreciar en las im\u00e1genes recuerda que nuestros env\u00edos son s\u00faper discretos an\u00edmate a hacer realidad tus fantas\u00edas sexuales pregunta [&hellip;]<\/p>\n","protected":false},"featured_media":3258,"comment_status":"open","ping_status":"closed","template":"","meta":[],"product_brand":[],"product_cat":[24],"product_tag":[],"class_list":{"0":"post-3265","1":"product","2":"type-product","3":"status-publish","4":"has-post-thumbnail","6":"product_cat-plugs-y-juguetes-anales","8":"first","9":"instock","10":"shipping-taxable","11":"purchasable","12":"product-type-simple"},"jetpack_sharing_enabled":true,"_links":{"self":[{"href":"https:\/\/lilysexshop.com\/bienvenido\/wp-json\/wp\/v2\/product\/3265","targetHints":{"allow":["GET"]}}],"collection":[{"href":"https:\/\/lilysexshop.com\/bienvenido\/wp-json\/wp\/v2\/product"}],"about":[{"href":"https:\/\/lilysexshop.com\/bienvenido\/wp-json\/wp\/v2\/types\/product"}],"replies":[{"embeddable":true,"href":"https:\/\/lilysexshop.com\/bienvenido\/wp-json\/wp\/v2\/comments?post=3265"}],"wp:featuredmedia":[{"embeddable":true,"href":"https:\/\/lilysexshop.com\/bienvenido\/wp-json\/wp\/v2\/media\/3258"}],"wp:attachment":[{"href":"https:\/\/lilysexshop.com\/bienvenido\/wp-json\/wp\/v2\/media?parent=3265"}],"wp:term":[{"taxonomy":"product_brand","embeddable":true,"href":"https:\/\/lilysexshop.com\/bienvenido\/wp-json\/wp\/v2\/product_brand?post=3265"},{"taxonomy":"product_cat","embeddable":true,"href":"https:\/\/lilysexshop.com\/bienvenido\/wp-json\/wp\/v2\/product_cat?post=3265"},{"taxonomy":"product_tag","embeddable":true,"href":"https:\/\/lilysexshop.com\/bienvenido\/wp-json\/wp\/v2\/product_tag?post=3265"}],"curies":[{"name":"wp","href":"https:\/\/api.w.org\/{rel}","templated":true}]}}