{"id":3247,"date":"2022-11-02T16:28:35","date_gmt":"2022-11-02T22:28:35","guid":{"rendered":"https:\/\/lilysexshop.com\/tienda\/plug-anal-purpura-grande\/"},"modified":"2026-04-27T21:48:50","modified_gmt":"2026-04-28T03:48:50","slug":"plug-anal-purpura-grande","status":"publish","type":"product","link":"https:\/\/lilysexshop.com\/bienvenido\/tienda\/plug-anal-purpura-grande\/","title":{"rendered":"PLUG ANAL  GRANDE"},"content":{"rendered":"<p><span style=\"font-family:Roboto,\">Un plug anal<span> <\/span><\/span><b style=\"max-height: 999999px;font-family: Roboto,\">es un juguete sexual que puede descubrir nuevas formas de estimulaci\u00f3n y por supuesto que tambi\u00e9n facilita el sexo anal<\/b><span style=\"font-family:Roboto,\">.<span> <\/span><\/span><\/p>\n<p>medidas en im\u00e1genes \ud83d\ude0a<\/p>\n<p><strong>El color puede variar ,si buscas un color en especial puedes mandar WhatsApp 6182226579<\/strong><\/p>\n","protected":false},"excerpt":{"rendered":"<p>Un plug anal es un juguete sexual que puede descubrir nuevas formas de estimulaci\u00f3n y por supuesto que tambi\u00e9n facilita el sexo anal. medidas en im\u00e1genes \ud83d\ude0a El color puede variar ,si buscas un color en especial puedes mandar WhatsApp 6182226579<\/p>\n","protected":false},"featured_media":3242,"comment_status":"open","ping_status":"closed","template":"","meta":[],"product_brand":[],"product_cat":[24],"product_tag":[],"class_list":{"0":"post-3247","1":"product","2":"type-product","3":"status-publish","4":"has-post-thumbnail","6":"product_cat-plugs-y-juguetes-anales","8":"first","9":"instock","10":"shipping-taxable","11":"purchasable","12":"product-type-simple"},"jetpack_sharing_enabled":true,"_links":{"self":[{"href":"https:\/\/lilysexshop.com\/bienvenido\/wp-json\/wp\/v2\/product\/3247","targetHints":{"allow":["GET"]}}],"collection":[{"href":"https:\/\/lilysexshop.com\/bienvenido\/wp-json\/wp\/v2\/product"}],"about":[{"href":"https:\/\/lilysexshop.com\/bienvenido\/wp-json\/wp\/v2\/types\/product"}],"replies":[{"embeddable":true,"href":"https:\/\/lilysexshop.com\/bienvenido\/wp-json\/wp\/v2\/comments?post=3247"}],"wp:featuredmedia":[{"embeddable":true,"href":"https:\/\/lilysexshop.com\/bienvenido\/wp-json\/wp\/v2\/media\/3242"}],"wp:attachment":[{"href":"https:\/\/lilysexshop.com\/bienvenido\/wp-json\/wp\/v2\/media?parent=3247"}],"wp:term":[{"taxonomy":"product_brand","embeddable":true,"href":"https:\/\/lilysexshop.com\/bienvenido\/wp-json\/wp\/v2\/product_brand?post=3247"},{"taxonomy":"product_cat","embeddable":true,"href":"https:\/\/lilysexshop.com\/bienvenido\/wp-json\/wp\/v2\/product_cat?post=3247"},{"taxonomy":"product_tag","embeddable":true,"href":"https:\/\/lilysexshop.com\/bienvenido\/wp-json\/wp\/v2\/product_tag?post=3247"}],"curies":[{"name":"wp","href":"https:\/\/api.w.org\/{rel}","templated":true}]}}