{"id":2969,"date":"2022-07-19T20:29:37","date_gmt":"2022-07-20T02:29:37","guid":{"rendered":"https:\/\/lilysexshop.com\/tienda\/pinza-para-pezon-bondage\/"},"modified":"2026-04-27T21:48:16","modified_gmt":"2026-04-28T03:48:16","slug":"pinza-para-pezon-bondage","status":"publish","type":"product","link":"https:\/\/lilysexshop.com\/bienvenido\/tienda\/pinza-para-pezon-bondage\/","title":{"rendered":"Pinza para pez\u00f3n bondage"},"content":{"rendered":"<p>PINZAS Para PEZ\u00d3N CON UN LINDO CASCABEL PARA ESE TOQUE Super SEXY!<\/p>\n<p><strong>adem\u00e1s de su perilla para que t\u00fa manejes ese toque de presi\u00f3n.<\/strong><\/p>\n<p>el color puede variar seg\u00fan existencia.<\/p>\n<p>rojo<\/p>\n<p>morado<\/p>\n<p>azul<\/p>\n","protected":false},"excerpt":{"rendered":"<p>PINZAS Para PEZ\u00d3N CON UN LINDO CASCABEL PARA ESE TOQUE Super SEXY! adem\u00e1s de su perilla para que t\u00fa manejes ese toque de presi\u00f3n. el color puede variar seg\u00fan existencia. rojo morado azul<\/p>\n","protected":false},"featured_media":2968,"comment_status":"open","ping_status":"closed","template":"","meta":[],"product_brand":[],"product_cat":[25],"product_tag":[],"class_list":{"0":"post-2969","1":"product","2":"type-product","3":"status-publish","4":"has-post-thumbnail","6":"product_cat-bondage","8":"first","9":"instock","10":"shipping-taxable","11":"purchasable","12":"product-type-simple"},"jetpack_sharing_enabled":true,"_links":{"self":[{"href":"https:\/\/lilysexshop.com\/bienvenido\/wp-json\/wp\/v2\/product\/2969","targetHints":{"allow":["GET"]}}],"collection":[{"href":"https:\/\/lilysexshop.com\/bienvenido\/wp-json\/wp\/v2\/product"}],"about":[{"href":"https:\/\/lilysexshop.com\/bienvenido\/wp-json\/wp\/v2\/types\/product"}],"replies":[{"embeddable":true,"href":"https:\/\/lilysexshop.com\/bienvenido\/wp-json\/wp\/v2\/comments?post=2969"}],"wp:featuredmedia":[{"embeddable":true,"href":"https:\/\/lilysexshop.com\/bienvenido\/wp-json\/wp\/v2\/media\/2968"}],"wp:attachment":[{"href":"https:\/\/lilysexshop.com\/bienvenido\/wp-json\/wp\/v2\/media?parent=2969"}],"wp:term":[{"taxonomy":"product_brand","embeddable":true,"href":"https:\/\/lilysexshop.com\/bienvenido\/wp-json\/wp\/v2\/product_brand?post=2969"},{"taxonomy":"product_cat","embeddable":true,"href":"https:\/\/lilysexshop.com\/bienvenido\/wp-json\/wp\/v2\/product_cat?post=2969"},{"taxonomy":"product_tag","embeddable":true,"href":"https:\/\/lilysexshop.com\/bienvenido\/wp-json\/wp\/v2\/product_tag?post=2969"}],"curies":[{"name":"wp","href":"https:\/\/api.w.org\/{rel}","templated":true}]}}