{"id":2827,"date":"2022-06-10T18:08:15","date_gmt":"2022-06-11T00:08:15","guid":{"rendered":"https:\/\/lilysexshop.com\/tienda\/bathmate-x30-hidromaxbomba-para-agrandar-el-pene\/"},"modified":"2024-06-13T12:43:43","modified_gmt":"2024-06-13T18:43:43","slug":"bathmate-x30-hidromaxbomba-para-agrandar-el-pene","status":"publish","type":"product","link":"https:\/\/lilysexshop.com\/bienvenido\/tienda\/bathmate-x30-hidromaxbomba-para-agrandar-el-pene\/","title":{"rendered":"HIDRO- BOMBA PARA AGRANDAR EL PENE"},"content":{"rendered":"<p style=\"margin-bottom:0px;margin-top:0px;line-height:22px;font-family:open_sansregular,Helvetica,Arial,sans-serif;font-size:16px;font-style:normal;font-weight:400;letter-spacing:normal;text-transform:none;text-align:left\">Todos los hombres desear\u00edan poder hacer algo para<span> <\/span><b style=\"font-weight: 400;font-family: open_sanssemibold\">mejorar su virilidad y tama\u00f1o de su miembro viril<\/b>, pero algunos no disfrutan de la idea de tomar pastillas o usar un extensor durante un per\u00edodo que parece interminable. Bathmate sabe que el placer est\u00e1 asociado directamente con las partes m\u00e1s \u00edntimas del hombre. Teniendo esto en cuenta, la<span> <\/span><b style=\"font-weight: 400;font-family: open_sanssemibold\">bomba de vac\u00edo masculina Bathmate Hydromax<\/b><span> <\/span>ha sido creada para convertirse en el mejor aliado de los hombres, y con tan solo 15 minutos al d\u00eda, podr\u00e1s conseguir esa talla que siempre has deseado. \u00a1Las caracter\u00edsticas elementales del agua y el aire se combinan en una hidrobomba esencial en la vida de m\u00e1s de un mill\u00f3n de hombres!<\/p>\n<ul class=\"bluetick\" style=\"margin-bottom:1rem;margin-top:15px;padding-left:20px;font-family:open_sansregular,Helvetica,Arial,sans-serif;font-size:16px;font-style:normal;font-weight:400;letter-spacing:normal;text-transform:none;text-align:left\">\n<li style=\"margin-bottom:5px\"><b style=\"font-weight: 400;font-family: open_sanssemibold\">Creado para la mejora masculina<\/b><\/li>\n<li style=\"margin-bottom:5px\">Dispositivo alargador masculino<\/li>\n<li style=\"margin-bottom:5px\">Tecnolog\u00eda patentada de calidad superior<\/li>\n<li style=\"margin-bottom:5px\">Bomba y v\u00e1lvula con 35 veces m\u00e1s potencia<\/li>\n<li style=\"margin-bottom:0px\"><b style=\"font-weight: 400;font-family: open_sanssemibold\">100% seguro, c\u00f3modo y conveniente<\/b><\/li>\n<\/ul>\n<p>Bathmate es la hidrobomba para agrandar y crecer el pene m\u00e1s vendida en todo el mundo!<\/p>\n<p>Esta bomba tiene m\u00faltiples beneficios que incluyen:<br \/>\nTratamiento de la disfunci\u00f3n er\u00e9ctil y la enfermedad de Peyronie (pene doblado).<br \/>\nAumento del tama\u00f1o del pene y salud psicol\u00f3gica.<br \/>\nMejorar el nivel de colesterol del cuerpo cavernoso del pene y la salud de los vasos sangu\u00edneos del pene.<\/p>\n<p>La bomba de pene utiliza agua en lugar de presi\u00f3n de aire para maximizar la congesti\u00f3n potencial, aumentando la funci\u00f3n del pene.<br \/>\nCaracter\u00edsticas: Utiliza el notable poder del agua. Funciona en la ba\u00f1era, ducha o aire. Se puede aplicar en cuesti\u00f3n de segundos con una sola mano. Encapsula todo el pene, lo que produce un aumento de la circunferencia a lo largo de toda la longitud del eje y, al mismo tiempo, evita la flexi\u00f3n del pene y el s\u00edndrome del pene flexible. Se puede usar con el anillo de placer ultramax especialmente dise\u00f1ado para ajustarse sobre la ra\u00edz del pene mientras la bomba est\u00e1 en funcionamiento y permite la eyaculaci\u00f3n normal. Alarga todo el pene, no solo el prepucio. Produce una erecci\u00f3n s\u00f3lida y dura como una roca en toda la longitud del pene.<\/p>\n<p>La bomba de pene utiliza agua en lugar de presi\u00f3n de aire para maximizar la congesti\u00f3n potencial, aumentando la funci\u00f3n del pene.<br \/>\nCaracter\u00edsticas Utiliza el extraordinario poder del agua.<br \/>\nFunciona en el ba\u00f1o, la ducha o el aire.<br \/>\nSe puede aplicar en cuesti\u00f3n de segundos con una sola mano.<br \/>\nCubre todo el pene, lo que aumenta la circunferencia a lo largo de todo el eje y al mismo tiempo previene la flexi\u00f3n del pene y el s\u00edndrome del pene fl\u00e1cido.<br \/>\nSe puede usar con el anillo de placer ultramax especialmente dise\u00f1ado para colocarse sobre la ra\u00edz del pene mientras se opera la bomba y que permite una eyaculaci\u00f3n normal.<br \/>\nLa longitud &#8230; abarca todo el pene, no solo el prepucio.<br \/>\nProduce una erecci\u00f3n s\u00f3lida como una roca en todo el pene.<\/p>\n<p>Especificaciones Material: ABS<br \/>\nModelo: X30<br \/>\nTama\u00f1o: D &lt;46 mm, L &lt;180 mm<br \/>\nColor: Transparente<br \/>\nPeso del paquete: 600 g<br \/>\nTama\u00f1o del paquete: 347 * 105 * 105 mm<br \/>\nLista de paquetes<br \/>\n1 * Bomba de pene<br \/>\n1 * almohadilla de silicona larga<\/p>\n<p>1. Tiempo de uso: No m\u00e1s de 15 minutos en 24 horas<\/p>\n<p>2.Antes de usar: a. Por favor, afeite todo el vello p\u00fabico;<br \/>\nsegundo. Por favor, ajuste el cuerpo para que est\u00e9 relajado en agua tibia y mantenga los 5-10 minutos.<\/p>\n<p>3. M\u00e9todo de uso: Se recomienda que 3 grupos sean tratados para el tratamiento en 15 minutos. 4-5 minutos por grupo y descansar 1-3 minutos para procesar el siguiente grupo.<\/p>\n<p>a. Por favor, aseg\u00farese de que el escroto y el test\u00edculo no puedan introducirse en el cilindro, de lo contrario les causar\u00e1 da\u00f1o<br \/>\nb. Una vez terminado el uso, el pene presentar\u00e1 hiperemia e hinchaz\u00f3n. No se preocupe, es normal. Despu\u00e9s de 1-2 horas, desaparecer\u00e1 c.<br \/>\n\u00daselo estrictamente de acuerdo con los requisitos de las instrucciones<\/p>\n","protected":false},"excerpt":{"rendered":"<p>Todos los hombres desear\u00edan poder hacer algo para mejorar su virilidad y tama\u00f1o de su miembro viril, pero algunos no disfrutan de la idea de tomar pastillas o usar un extensor durante un per\u00edodo que parece interminable. Bathmate sabe que el placer est\u00e1 asociado directamente con las partes m\u00e1s \u00edntimas del hombre. Teniendo esto en [&hellip;]<\/p>\n","protected":false},"featured_media":4638,"comment_status":"open","ping_status":"closed","template":"","meta":[],"product_brand":[],"product_cat":[26,20],"product_tag":[],"class_list":{"0":"post-2827","1":"product","2":"type-product","3":"status-publish","4":"has-post-thumbnail","6":"product_cat-juguetes-para-hombres","7":"product_cat-tratamientos-para-aumentar-el-tamano-de-el-pene","9":"first","10":"instock","11":"shipping-taxable","12":"purchasable","13":"product-type-simple"},"jetpack_sharing_enabled":true,"_links":{"self":[{"href":"https:\/\/lilysexshop.com\/bienvenido\/wp-json\/wp\/v2\/product\/2827","targetHints":{"allow":["GET"]}}],"collection":[{"href":"https:\/\/lilysexshop.com\/bienvenido\/wp-json\/wp\/v2\/product"}],"about":[{"href":"https:\/\/lilysexshop.com\/bienvenido\/wp-json\/wp\/v2\/types\/product"}],"replies":[{"embeddable":true,"href":"https:\/\/lilysexshop.com\/bienvenido\/wp-json\/wp\/v2\/comments?post=2827"}],"wp:featuredmedia":[{"embeddable":true,"href":"https:\/\/lilysexshop.com\/bienvenido\/wp-json\/wp\/v2\/media\/4638"}],"wp:attachment":[{"href":"https:\/\/lilysexshop.com\/bienvenido\/wp-json\/wp\/v2\/media?parent=2827"}],"wp:term":[{"taxonomy":"product_brand","embeddable":true,"href":"https:\/\/lilysexshop.com\/bienvenido\/wp-json\/wp\/v2\/product_brand?post=2827"},{"taxonomy":"product_cat","embeddable":true,"href":"https:\/\/lilysexshop.com\/bienvenido\/wp-json\/wp\/v2\/product_cat?post=2827"},{"taxonomy":"product_tag","embeddable":true,"href":"https:\/\/lilysexshop.com\/bienvenido\/wp-json\/wp\/v2\/product_tag?post=2827"}],"curies":[{"name":"wp","href":"https:\/\/api.w.org\/{rel}","templated":true}]}}