{"id":2715,"date":"2022-05-13T10:56:35","date_gmt":"2022-05-13T16:56:35","guid":{"rendered":"https:\/\/lilysexshop.com\/tienda\/anillo-vibrador-para-pene-silicom\/"},"modified":"2026-04-25T09:45:20","modified_gmt":"2026-04-25T15:45:20","slug":"anillo-vibrador-para-pene-silicom","status":"publish","type":"product","link":"https:\/\/lilysexshop.com\/bienvenido\/tienda\/anillo-vibrador-para-pene-silicom\/","title":{"rendered":"ANILLO VIBRADOR para pene silicom"},"content":{"rendered":"<p>\u2728 ANILLO VIBRADOR PARA PENE: PLACER Y RENDIMIENTO EN UN SOLO ACCESORIO \u2728<\/p>\n<p>Descubre una nueva dimensi\u00f3n de placer y desempe\u00f1o con nuestro anillo vibrador, dise\u00f1ado especialmente para brindarte experiencias \u00fanicas. \ud83e\udd29<\/p>\n<p>\u2705 \u00bfQu\u00e9 hace por ti?<\/p>\n<p>&#8211; Rodea suavemente la base del pene, ayudando a retener el flujo sangu\u00edneo para lograr erecciones m\u00e1s firmes y duraderas.<\/p>\n<p>&#8211; Cuenta con funci\u00f3n vibradora que estimula a ambos, intensificando el placer en cada momento.<\/p>\n<p>&#8211; Ayuda a controlar y retrasar la eyaculaci\u00f3n precoz, permitiendo disfrutar de encuentros m\u00e1s prolongados y satisfactorios.<\/p>\n<p>\ud83d\udd39 Material suave y flexible, c\u00f3modo de usar y seguro para el cuerpo.<br \/>\n\ud83d\udd39 F\u00e1cil de colocar y limpiar.<br \/>\n\ud83d\udd39 Dise\u00f1o ergon\u00f3mico que se adapta perfectamente.<\/p>\n<p>\u00a1Mejora tu vida \u00edntima y sorprende a tu pareja! \ud83e\udd70<\/p>\n<p>\ud83d\udcf2 Cont\u00e1ctanos para m\u00e1s informaci\u00f3n o pedidos: 618-222-65-79<br \/>\n\ud83d\udccc S\u00edguenos: en Facebook LilySex-Shop<\/p>\n<p><strong>anillo para el pene de silic\u00f3n.<\/strong><\/p>\n<p>ese tipo de anillos son unitalla ya que estiran bastante y se adaptan al grosor del pene.<\/p>\n<p><strong>ese tipo de anillos generalmente son para la noche especial es una bala vibradora que le rendir\u00e1 perfectamente la noche de pasi\u00f3n..<\/strong><\/p>\n","protected":false},"excerpt":{"rendered":"<p>\u2728 ANILLO VIBRADOR PARA PENE: PLACER Y RENDIMIENTO EN UN SOLO ACCESORIO \u2728 Descubre una nueva dimensi\u00f3n de placer y desempe\u00f1o con nuestro anillo vibrador, dise\u00f1ado especialmente para brindarte experiencias \u00fanicas. \ud83e\udd29 \u2705 \u00bfQu\u00e9 hace por ti? &#8211; Rodea suavemente la base del pene, ayudando a retener el flujo sangu\u00edneo para lograr erecciones m\u00e1s firmes [&hellip;]<\/p>\n","protected":false},"featured_media":5446,"comment_status":"open","ping_status":"closed","template":"","meta":[],"product_brand":[],"product_cat":[31,18],"product_tag":[],"class_list":{"0":"post-2715","1":"product","2":"type-product","3":"status-publish","4":"has-post-thumbnail","6":"product_cat-basicos","7":"product_cat-juguetes-sexuales","9":"first","10":"instock","11":"sale","12":"shipping-taxable","13":"purchasable","14":"product-type-simple"},"jetpack_sharing_enabled":true,"_links":{"self":[{"href":"https:\/\/lilysexshop.com\/bienvenido\/wp-json\/wp\/v2\/product\/2715","targetHints":{"allow":["GET"]}}],"collection":[{"href":"https:\/\/lilysexshop.com\/bienvenido\/wp-json\/wp\/v2\/product"}],"about":[{"href":"https:\/\/lilysexshop.com\/bienvenido\/wp-json\/wp\/v2\/types\/product"}],"replies":[{"embeddable":true,"href":"https:\/\/lilysexshop.com\/bienvenido\/wp-json\/wp\/v2\/comments?post=2715"}],"wp:featuredmedia":[{"embeddable":true,"href":"https:\/\/lilysexshop.com\/bienvenido\/wp-json\/wp\/v2\/media\/5446"}],"wp:attachment":[{"href":"https:\/\/lilysexshop.com\/bienvenido\/wp-json\/wp\/v2\/media?parent=2715"}],"wp:term":[{"taxonomy":"product_brand","embeddable":true,"href":"https:\/\/lilysexshop.com\/bienvenido\/wp-json\/wp\/v2\/product_brand?post=2715"},{"taxonomy":"product_cat","embeddable":true,"href":"https:\/\/lilysexshop.com\/bienvenido\/wp-json\/wp\/v2\/product_cat?post=2715"},{"taxonomy":"product_tag","embeddable":true,"href":"https:\/\/lilysexshop.com\/bienvenido\/wp-json\/wp\/v2\/product_tag?post=2715"}],"curies":[{"name":"wp","href":"https:\/\/api.w.org\/{rel}","templated":true}]}}