{"id":2205,"date":"2022-01-12T16:02:18","date_gmt":"2022-01-12T22:02:18","guid":{"rendered":"https:\/\/lilysexshop.com\/?post_type=product&#038;p=2205"},"modified":"2026-04-27T21:47:24","modified_gmt":"2026-04-28T03:47:24","slug":"microfono-vibrador","status":"publish","type":"product","link":"https:\/\/lilysexshop.com\/bienvenido\/tienda\/microfono-vibrador\/","title":{"rendered":"MICROFONO VIBRADOR"},"content":{"rendered":"<p>Puerto De Carga USB, Bater\u00eda De Larga Duraci\u00f3n<\/p>\n<p>pregunta disponibilidad de color.<\/p>\n<p>Este masajeador utiliza gel de s\u00edlice de grado m\u00e9dico, que tiene una textura suave, una superficie lisa y una textura de piel que no da\u00f1a la piel. Relaja completamente los m\u00fasculos y alivia la fatiga mientras te da una sensaci\u00f3n de suavidad. Al mismo tiempo, es f\u00e1cil de limpiar, solo lavar con agua. Es un compa\u00f1ero cari\u00f1oso para usted y su familia en el trabajo y la vida.<\/p>\n<p>&#8212;&#8212;&#8212;&#8212;&#8212;&#8212;&#8212;&#8212;&#8212;&#8212;&#8212;&#8212;&#8212;&#8212;&#8212;&#8212;&#8212;&#8212;&#8212;&#8212;&#8212;&#8212;&#8212;&#8212;&#8212;&#8212;&#8212;&#8211;<\/p>\n<p>Puerto De Carga USB, Bater\u00eda De Larga Duraci\u00f3n<\/p>\n<p>El nuevo masajeador el\u00e9ctrico est\u00e1 equipado con un puerto de carga USB, que se puede cargar con un cabezal de carga de tel\u00e9fono m\u00f3vil, o mediante una computadora o fuente de alimentaci\u00f3n m\u00f3vil, en cualquier momento y en cualquier lugar. Totalmente cargada, el tiempo m\u00e1ximo de uso puede alcanzar los 60 minutos (recomendaci\u00f3n 10-15 minutos por cada tiempo de relajaci\u00f3n). F\u00e1cil de cargar y f\u00e1cil de usar.<\/p>\n<p>&#8212;&#8212;&#8212;&#8212;&#8212;&#8212;&#8212;&#8212;&#8212;&#8212;&#8212;&#8212;&#8212;&#8212;&#8212;&#8212;&#8212;&#8212;&#8212;&#8212;&#8212;&#8212;&#8212;&#8212;&#8212;&#8212;&#8212;&#8211;<\/p>\n<p>Con Funci\u00f3n Impermeable<\/p>\n<p>El masajeador corporal es resistente al agua, por lo que puede usarlo en cualquier momento y en cualquier lugar. Es muy f\u00e1cil limpiar el masajeador impermeable con agua jabonosa o toallitas h\u00famedas en la ba\u00f1era o ducha. Es imprescindible para los deportes de oficina y en casa.<\/p>\n<p>&#8212;&#8212;&#8212;&#8212;&#8212;&#8212;&#8212;&#8212;&#8212;&#8212;&#8212;&#8212;&#8212;&#8212;&#8212;&#8212;&#8212;&#8212;&#8212;&#8212;&#8212;&#8212;&#8212;&#8212;&#8212;&#8212;&#8212;&#8211;<\/p>\n<p>Gran Idea Para Un Regalo<\/p>\n<p>Con funciones perfectas y un dise\u00f1o exquisito, es una opci\u00f3n de regalo muy creativa para familiares y amigos en festivales importantes como la Navidad. C\u00f3mprelo para su familia y amigos r\u00e1pidamente.<\/p>\n<p>&#8212;&#8212;&#8212;&#8212;&#8212;&#8212;&#8212;&#8212;&#8212;&#8212;&#8212;&#8212;&#8212;&#8212;&#8212;&#8212;&#8212;&#8212;&#8212;&#8212;&#8212;&#8212;&#8212;&#8212;&#8212;&#8212;&#8212;&#8211;<\/p>\n<p>ESPECIFICACIONES<\/p>\n<p>&#8211; recargable.<\/p>\n<p>&#8211; Cabezal flexible.<\/p>\n<p>&#8211; Masajeador eficaz.<\/p>\n<p>&#8211; Vibraci\u00f3n discreta.<\/p>\n<p>&#8211; Alimentaci\u00f3n DC: USB.<\/p>\n<p>&#8211; Bot\u00f3n ON \/ OFF (3 seg).<\/p>\n<p>&#8211; Color disponible: negro.<\/p>\n<p>&#8211; Medidas: 15,3 cm x 3,8 cm<\/p>\n<p>&#8211; Seguro y 100% impermeable.<\/p>\n<p>&#8211; Sensaci\u00f3n agradable y aliviada.<\/p>\n<p>&#8211; Sin irritaci\u00f3n y molestias por contacto.<\/p>\n<p>&#8211; Acabado suave y seguro para el cuerpo.<\/p>\n<p>&#8211; Duraci\u00f3n de la carga: 60 minutos de uso.<\/p>\n<p>&#8211; Material: silicona de grado m\u00e9dico + ABS.<\/p>\n<p>&#8211; Frecuencia de vibraci\u00f3n ajustable: 20 tipos de frecuencias y 9 velocidades.<\/p>\n<p>-Empaquetado individualmente en caja  que incluye: 1 x masajeador, 1 x cable USB, 1 x manual de usuario.<\/p>\n","protected":false},"excerpt":{"rendered":"<p>Vibraci\u00f3n De Varios Niveles, Propiedades Silenciosas<br \/>\nEsta masajeadores tiene 20 modos de vibraci\u00f3n y 9 ajustes de velocidad, que se pueden seleccionar de acuerdo con diferentes partes del cuerpo y sensaciones corporales. Seg\u00fan la amplitud de la vibraci\u00f3n, se puede utilizar como masajeador de piernas, espalda, pies, m\u00fasculos del cuello. Tiene una amplitud de vibraci\u00f3n estable y uniforme, que relaja completamente los m\u00fasculos sin perder comodidad. El mango ergon\u00f3mico puede minimizar la vibraci\u00f3n externa y lograr una reducci\u00f3n de ruido efectiva. El sonido m\u00e1ximo no supera los 50 decibeles (como el tama\u00f1o de una persona susurrando).<\/p>\n","protected":false},"featured_media":2207,"comment_status":"open","ping_status":"closed","template":"","meta":[],"product_brand":[],"product_cat":[18],"product_tag":[],"class_list":{"0":"post-2205","1":"product","2":"type-product","3":"status-publish","4":"has-post-thumbnail","6":"product_cat-juguetes-sexuales","8":"first","9":"instock","10":"shipping-taxable","11":"purchasable","12":"product-type-simple"},"jetpack_sharing_enabled":true,"_links":{"self":[{"href":"https:\/\/lilysexshop.com\/bienvenido\/wp-json\/wp\/v2\/product\/2205","targetHints":{"allow":["GET"]}}],"collection":[{"href":"https:\/\/lilysexshop.com\/bienvenido\/wp-json\/wp\/v2\/product"}],"about":[{"href":"https:\/\/lilysexshop.com\/bienvenido\/wp-json\/wp\/v2\/types\/product"}],"replies":[{"embeddable":true,"href":"https:\/\/lilysexshop.com\/bienvenido\/wp-json\/wp\/v2\/comments?post=2205"}],"wp:featuredmedia":[{"embeddable":true,"href":"https:\/\/lilysexshop.com\/bienvenido\/wp-json\/wp\/v2\/media\/2207"}],"wp:attachment":[{"href":"https:\/\/lilysexshop.com\/bienvenido\/wp-json\/wp\/v2\/media?parent=2205"}],"wp:term":[{"taxonomy":"product_brand","embeddable":true,"href":"https:\/\/lilysexshop.com\/bienvenido\/wp-json\/wp\/v2\/product_brand?post=2205"},{"taxonomy":"product_cat","embeddable":true,"href":"https:\/\/lilysexshop.com\/bienvenido\/wp-json\/wp\/v2\/product_cat?post=2205"},{"taxonomy":"product_tag","embeddable":true,"href":"https:\/\/lilysexshop.com\/bienvenido\/wp-json\/wp\/v2\/product_tag?post=2205"}],"curies":[{"name":"wp","href":"https:\/\/api.w.org\/{rel}","templated":true}]}}