{"id":1951,"date":"2021-10-19T19:53:30","date_gmt":"2021-10-20T01:53:30","guid":{"rendered":"https:\/\/lilysexshop.com\/tienda\/maca-real-mas-semen-mas-rendimiento\/"},"modified":"2026-04-27T21:46:22","modified_gmt":"2026-04-28T03:46:22","slug":"maca-real-mas-semen-mas-rendimiento","status":"publish","type":"product","link":"https:\/\/lilysexshop.com\/bienvenido\/tienda\/maca-real-mas-semen-mas-rendimiento\/","title":{"rendered":"MACA REAL! m\u00e1s semen m\u00e1s rendimiento!"},"content":{"rendered":"<p>A la maca real con muira con puama se le atribuyen una gran variedad de beneficios gracias a sus propiedades y su gran cantidad de vitaminas y minerales<\/p>\n<ul>\n<li>\u00datil para reducir el estr\u00e9s y combatir la fatiga<\/li>\n<li>Corrige la disfunci\u00f3n er\u00e9ctil y mejora la respuesta sexual<\/li>\n<li>Incrementa la cantidad de esperma y mejora su calidad<\/li>\n<li>Ocasiona un incremento de libido tanto en mujeres como en hombre<\/li>\n<li>Ayuda a regular las hormonas<\/li>\n<li>Ayuda a reducir los s\u00edntomas de la menopausia<\/li>\n<li>Regula el ciclo menstrual<\/li>\n<li>Prolonga la durabilidad de las erecciones<\/li>\n<\/ul>\n<div class=\"fusion-title title fusion-title-5 fusion-title-text fusion-title-size-three\">\n<h3 class=\"title-heading-left\">Quieres saber m\u00e1s del producto?\u2026 adelante <img decoding=\"async\" class=\"emoji\" role=\"img\" src=\"https:\/\/s.w.org\/images\/core\/emoji\/13.1.0\/svg\/1f609.svg\" alt=\"\ud83d\ude09\"><\/h3>\n<div class=\"title-sep-container title-sep-container-right\">\n<div class=\"title-sep sep-double sep-solid\"><\/div>\n<\/div>\n<\/div>\n<div class=\"fusion-content-tb fusion-content-tb-1\">\n<div class=\"fusion-fullwidth fullwidth-box fusion-builder-row-7-1 fusion-flex-container nonhundred-percent-fullwidth non-hundred-percent-height-scrolling\">\n<div class=\"fusion-builder-row fusion-row fusion-flex-align-items-flex-start\">\n<div class=\"fusion-layout-column fusion_builder_column fusion-builder-column-13 fusion_builder_column_1_1 1_1 fusion-flex-column\">\n<div class=\"fusion-column-wrapper fusion-flex-justify-content-flex-start fusion-content-layout-column\">\n<div class=\"fusion-text fusion-text-3\"><strong>\u00bfQu\u00e9 es?<\/strong><\/p>\n<p>Maca Real Con Muira Puama<\/p>\n<p>Contenido: 60 tabletas de 700mg cada una.<\/p>\n<p>Porciones por frasco: 30 dosis<\/p>\n<p><strong>Beneficios<\/strong><\/p>\n<p>Se utiliza para prevenir trastornos sexuales y menstruales.<\/p>\n<p>Funciona como un incre\u00edble vigorizante sexual.<\/p>\n<p>Desde las primeras tomas incrementa la cantidad de esperma y mejora su calidad.<\/p>\n<p>Por la presencia de flavonoides y vitaminas, se le atribuye un ligero efecto antioxidante con capacidad para ralentizar la oxidaci\u00f3n celular.<\/p>\n<p>Se le atribuye asimismo un cierto efecto como estimulante del sistema inmune.<\/p>\n<p>Aumenta el libido y la fertilidad tanto en hombres como en mujeres.<\/p>\n<p>Desde la primeras tomas reduce el estr\u00e9s y ayuda a combatir la fatiga.<\/p>\n<p>En mujeres ayuda a regular las hormonas y en los hombres mejora los niveles de testosterona.<\/p>\n<p><b>\u00bfC\u00f3mo<\/b><strong> se usa?<\/strong><\/p>\n<p>Tomar 2 tabletas al d\u00eda.<\/p>\n<p><strong>Ingredientes<\/strong><\/p>\n<p>Acido Glut\u00e1mico 200mg<\/p>\n<p>Clorhidrato de L-Arginina 200mg<\/p>\n<p>Fosfato Monos\u00f3dico 100mg<\/p>\n<p>Acetato de Di Alfa Tocoferilo. Vit E 20mg<\/p>\n<p>Niacinamida. Vit B3 10mg<\/p>\n<p>Acido Pantot\u00e9nico Vit B5 10mg<\/p>\n<p>Riboflavina. Vit B2 10mg<\/p>\n<p>Clorhidrato de Tiamina. Vit B1 10mg<\/p>\n<p>Clorhidrato de Piridoxina. Vit B6 8mg<\/p>\n<p>Cianocobalamina. Vit B12<\/p>\n<p class=\"p1\"><strong>ESTE PRODUCTO NO ES UN MEDICAMENTO<\/strong><\/p>\n<p class=\"p1\"><strong>EL CONSUMO DE ESTE PRODUCTO ES RESPONSABILIDAD DE QUIEN LO RECOMIENDA Y DE QUIEN LO USA.<\/strong><\/p>\n<p class=\"p1\"><strong>CONSULTE A SU M\u00c9DICO ANTES DE TOMAR CUALQUIER SUPLEMENTO Y\/O COMPLEMENTO ALIMENTICIO.<\/strong><\/p>\n<\/div>\n<\/div>\n<\/div>\n<\/div>\n<\/div>\n<\/div>\n<p>DESCRIPCI\u00d3N:<\/p>\n<p>Esta ra\u00edz peruana es un gran energizante y regulador hormonal. Los efectos beneficiosos de la Maca para la funci\u00f3n sexual es su alta concentraci\u00f3n de prote\u00ednas y de nutrientes vitales. Este y otros beneficios fueron comprobados cient\u00edficamente. sus ra\u00edces pose propiedades que aumentan la fertilidad<\/p>\n<p>SUPLEMENTO ALIMENTICIO CON M\u00daLTIPLES BENEFICIOS PARA LA SALUD SEXUAL!!!<\/p>\n<p>frasco con 60 tabletas de 700 mg 30 porciones por frasco.<\/p>\n<p>modo de empleo tomar dos tabletas al d\u00eda.<\/p>\n<p>v\u00eda de administraci\u00f3n oral.<\/p>\n<p>este producto no es un medicamento<\/p>\n<p>EL CONSUMO DE ESTE PRODUCTO ES RESPONSABILIDAD DE QUI\u00c9N LO RECOiMIENDA Y QUI\u00c9N LO USA.<\/p>\n<p>la maca es NUTRACEUTICA: un alimento que provee beneficios para la salud m\u00e1s all\u00e1 de sus principios nutricionales b\u00e1sicos. Entre estos destacan:<\/p>\n<p>vitaminas: B1, B2, B3, B6, C, E.<\/p>\n<p>minerales y oligoelementos: hierro, calcio zinc, magnesio, manganeso, potasio, f\u00f3sforo cobre.<\/p>\n<p>amino\u00e1cidos esenciales todos excepto tript\u00f3fano.<\/p>\n<p>\u00e1cido grasos Omega 3 6 y 9.<\/p>\n","protected":false},"excerpt":{"rendered":"<p>A la maca real con muira con puama se le atribuyen una gran variedad de beneficios gracias a sus propiedades y su gran cantidad de vitaminas y minerales \u00datil para reducir el estr\u00e9s y combatir la fatiga Corrige la disfunci\u00f3n er\u00e9ctil y mejora la respuesta sexual Incrementa la cantidad de esperma y mejora su calidad [&hellip;]<\/p>\n","protected":false},"featured_media":4059,"comment_status":"open","ping_status":"closed","template":"","meta":[],"product_brand":[],"product_cat":[22],"product_tag":[],"class_list":{"0":"post-1951","1":"product","2":"type-product","3":"status-publish","4":"has-post-thumbnail","6":"product_cat-afrodisiacos","8":"first","9":"instock","10":"shipping-taxable","11":"purchasable","12":"product-type-simple"},"jetpack_sharing_enabled":true,"_links":{"self":[{"href":"https:\/\/lilysexshop.com\/bienvenido\/wp-json\/wp\/v2\/product\/1951","targetHints":{"allow":["GET"]}}],"collection":[{"href":"https:\/\/lilysexshop.com\/bienvenido\/wp-json\/wp\/v2\/product"}],"about":[{"href":"https:\/\/lilysexshop.com\/bienvenido\/wp-json\/wp\/v2\/types\/product"}],"replies":[{"embeddable":true,"href":"https:\/\/lilysexshop.com\/bienvenido\/wp-json\/wp\/v2\/comments?post=1951"}],"wp:featuredmedia":[{"embeddable":true,"href":"https:\/\/lilysexshop.com\/bienvenido\/wp-json\/wp\/v2\/media\/4059"}],"wp:attachment":[{"href":"https:\/\/lilysexshop.com\/bienvenido\/wp-json\/wp\/v2\/media?parent=1951"}],"wp:term":[{"taxonomy":"product_brand","embeddable":true,"href":"https:\/\/lilysexshop.com\/bienvenido\/wp-json\/wp\/v2\/product_brand?post=1951"},{"taxonomy":"product_cat","embeddable":true,"href":"https:\/\/lilysexshop.com\/bienvenido\/wp-json\/wp\/v2\/product_cat?post=1951"},{"taxonomy":"product_tag","embeddable":true,"href":"https:\/\/lilysexshop.com\/bienvenido\/wp-json\/wp\/v2\/product_tag?post=1951"}],"curies":[{"name":"wp","href":"https:\/\/api.w.org\/{rel}","templated":true}]}}