{"id":166,"date":"2020-10-11T10:17:58","date_gmt":"2020-10-11T16:17:58","guid":{"rendered":"https:\/\/lilysexshop.com\/?post_type=product&#038;p=166"},"modified":"2026-04-27T21:44:06","modified_gmt":"2026-04-28T03:44:06","slug":"miel-de-amor","status":"publish","type":"product","link":"https:\/\/lilysexshop.com\/bienvenido\/tienda\/miel-de-amor\/","title":{"rendered":"Miel de amor"},"content":{"rendered":"<p>Esta miel de amor es para atraer a tu pareja.<\/p>\n<p>Por si no lo sab\u00e9is, la miel de amor, se utiliza para atraer a la persona amada, o ayudarnos. La misma se utiliza como si fuera un lubricante  normal, en los lugares del cuerpo que te pongas t\u00fa colonia o perfume. No es un amarre, pero te ayudar\u00e1 a que est\u00e9 por ti.<\/p>\n<p><strong>la forma m\u00e1s sencilla de usar este producto es aplicandola directamente como lubricante el punto de este producto es que ambos genitales est\u00e9n en contacto con la miel de amor.<\/strong><\/p>\n<p><strong>ejemplo si el hombre es el que quiere amarrar a la mujer el hombre se la tiene que poner en su genital para despu\u00e9s penetrar a la mujer.<\/strong><\/p>\n<p>si la mujer por el contrario es la que quiere amarrar a el hombre ella lo tendr\u00e1 que poner en genitales de ella para que despu\u00e9s el hombre penetre.<\/p>\n<p><strong>cabe destacar que en el frasco trae una serie de instrucciones que son para mujeres pero funciona igual para hombre y para mujer \u00fanicamente hay que usarlo como lubricante y obviamente con un prop\u00f3sito en mente.<\/strong><\/p>\n","protected":false},"excerpt":{"rendered":"<p>Esta miel de amor es para atraer a tu pareja. Por si no lo sab\u00e9is, la miel de amor, se utiliza para atraer a la persona amada, o ayudarnos. La misma se utiliza como si fuera un lubricante normal, en los lugares del cuerpo que te pongas t\u00fa colonia o perfume. No es un amarre, [&hellip;]<\/p>\n","protected":false},"featured_media":5382,"comment_status":"open","ping_status":"closed","template":"","meta":[],"product_brand":[],"product_cat":[22,16],"product_tag":[],"class_list":{"0":"post-166","1":"product","2":"type-product","3":"status-publish","4":"has-post-thumbnail","6":"product_cat-afrodisiacos","7":"product_cat-cremas-lubricantes-y-geles","9":"first","10":"instock","11":"shipping-taxable","12":"purchasable","13":"product-type-simple"},"jetpack_sharing_enabled":true,"_links":{"self":[{"href":"https:\/\/lilysexshop.com\/bienvenido\/wp-json\/wp\/v2\/product\/166","targetHints":{"allow":["GET"]}}],"collection":[{"href":"https:\/\/lilysexshop.com\/bienvenido\/wp-json\/wp\/v2\/product"}],"about":[{"href":"https:\/\/lilysexshop.com\/bienvenido\/wp-json\/wp\/v2\/types\/product"}],"replies":[{"embeddable":true,"href":"https:\/\/lilysexshop.com\/bienvenido\/wp-json\/wp\/v2\/comments?post=166"}],"wp:featuredmedia":[{"embeddable":true,"href":"https:\/\/lilysexshop.com\/bienvenido\/wp-json\/wp\/v2\/media\/5382"}],"wp:attachment":[{"href":"https:\/\/lilysexshop.com\/bienvenido\/wp-json\/wp\/v2\/media?parent=166"}],"wp:term":[{"taxonomy":"product_brand","embeddable":true,"href":"https:\/\/lilysexshop.com\/bienvenido\/wp-json\/wp\/v2\/product_brand?post=166"},{"taxonomy":"product_cat","embeddable":true,"href":"https:\/\/lilysexshop.com\/bienvenido\/wp-json\/wp\/v2\/product_cat?post=166"},{"taxonomy":"product_tag","embeddable":true,"href":"https:\/\/lilysexshop.com\/bienvenido\/wp-json\/wp\/v2\/product_tag?post=166"}],"curies":[{"name":"wp","href":"https:\/\/api.w.org\/{rel}","templated":true}]}}